{"id":95,"date":"2018-11-11T23:16:43","date_gmt":"2018-11-11T22:16:43","guid":{"rendered":"http:\/\/ivry.brisbois.fr\/?page_id=95"},"modified":"2018-12-04T13:44:38","modified_gmt":"2018-12-04T12:44:38","slug":"a-propos-du-collectif","status":"publish","type":"page","link":"https:\/\/urbanicc.fr\/index.php\/a-propos-du-collectif\/","title":{"rendered":"Qui sommes-nous ?"},"content":{"rendered":"<h1>Groupe de travail URBANICC<\/h1>\n<p>&nbsp;<\/p>\n<h2>URBANICC: de quoi s\u2019agit-il ?<\/h2>\n<p>URBANICC est un groupe de travail citoyen informel impliqu\u00e9 dans le pilotage, la conception et la r\u00e9alisation de la ZAC Ivry Confluences.<\/p>\n<p>&nbsp;<\/p>\n<h2>Objectifs<\/h2>\n<ul>\n<li>Etre un interlocuteur actif de la Ville, de l\u2019am\u00e9nageur et de la ma\u00eetrise d\u2019oeuvre dans le d\u00e9veloppement de la ZAC Ivry Confluences<\/li>\n<li>Contribuer \u00e0 la d\u00e9finition du mod\u00e8le urbain global cible et monitorer le pilotage de l\u2019op\u00e9ration<\/li>\n<li>Etre source de proposition dans les phases de conception de l\u2019espace urbain et de ses composantes (b\u00e2ti, espaces publics, services)<\/li>\n<li>Participer \u00e0 la mise en oeuvre d\u2019un suivi de la qualit\u00e9 dans les phases de r\u00e9alisation<\/li>\n<li>Assurer un acc\u00e8s \u00e0 l\u2019information indispensable \u00e0 la prise de d\u00e9cision citoyenne<\/li>\n<\/ul>\n<p>&nbsp;<\/p>\n<h2>Feuille de route<\/h2>\n<h4>T4 2018 :<\/h4>\n<ul>\n<li>Cr\u00e9ation du tableau de bord de l\u2019op\u00e9ration<\/li>\n<li>Mise en oeuvre des outils de communication: site web, Google Drive<\/li>\n<li>Lancement du suivi qualit\u00e9<\/li>\n<li>Identification des lots pour lesquels ATICC doit s\u2019impliquer, d\u00e9finition du calendrier associ\u00e9<\/li>\n<li>Lancement th\u00e9matique transversale: les \u00e9quipements scolaires<\/li>\n<li>Lancement th\u00e9matique transversale: les circulations douces<\/li>\n<li>Recherche d\u2019un outil de mod\u00e9lisation urbanistique<\/li>\n<\/ul>\n<h4>T1 2019 :<\/h4>\n<ul>\n<li>Suivi appel d\u2019offres MOE, mise en place du mod\u00e8le de collaboration avec URBANICC<\/li>\n<li>Lancement th\u00e9matique transversale: le plan de circulation<\/li>\n<\/ul>\n<p>&nbsp;<\/p>\n<p>&nbsp;<\/p>\n","protected":false},"excerpt":{"rendered":"<p>Groupe de travail URBANICC &nbsp; URBANICC: de quoi s\u2019agit-il ? URBANICC est un groupe de travail citoyen informel impliqu\u00e9 dans le pilotage, la conception et la r\u00e9alisation de la ZAC Ivry Confluences. &nbsp; Objectifs Etre un interlocuteur actif de la Ville, de l\u2019am\u00e9nageur et de la ma\u00eetrise d\u2019oeuvre dans le&#46;&#46;&#46;<\/p>\n","protected":false},"author":1,"featured_media":0,"parent":0,"menu_order":0,"comment_status":"closed","ping_status":"closed","template":"","meta":{"_exactmetrics_skip_tracking":false,"_exactmetrics_sitenote_active":false,"_exactmetrics_sitenote_note":"","_exactmetrics_sitenote_category":0,"ngg_post_thumbnail":0,"footnotes":""},"class_list":["post-95","page","type-page","status-publish","hentry"],"_links":{"self":[{"href":"https:\/\/urbanicc.fr\/index.php\/wp-json\/wp\/v2\/pages\/95","targetHints":{"allow":["GET"]}}],"collection":[{"href":"https:\/\/urbanicc.fr\/index.php\/wp-json\/wp\/v2\/pages"}],"about":[{"href":"https:\/\/urbanicc.fr\/index.php\/wp-json\/wp\/v2\/types\/page"}],"author":[{"embeddable":true,"href":"https:\/\/urbanicc.fr\/index.php\/wp-json\/wp\/v2\/users\/1"}],"replies":[{"embeddable":true,"href":"https:\/\/urbanicc.fr\/index.php\/wp-json\/wp\/v2\/comments?post=95"}],"version-history":[{"count":0,"href":"https:\/\/urbanicc.fr\/index.php\/wp-json\/wp\/v2\/pages\/95\/revisions"}],"wp:attachment":[{"href":"https:\/\/urbanicc.fr\/index.php\/wp-json\/wp\/v2\/media?parent=95"}],"curies":[{"name":"wp","href":"https:\/\/api.w.org\/{rel}","templated":true}]}}