{"id":949,"date":"2018-12-19T14:54:33","date_gmt":"2018-12-19T13:54:33","guid":{"rendered":"https:\/\/urbanicc.fr\/?page_id=949"},"modified":"2019-06-13T10:09:05","modified_gmt":"2019-06-13T08:09:05","slug":"documents-et-liens-utiles","status":"publish","type":"page","link":"https:\/\/urbanicc.fr\/index.php\/documents-et-liens-utiles\/","title":{"rendered":"Documents et liens utiles"},"content":{"rendered":"\n<h2 class=\"wp-block-heading\">Base documentaire<\/h2>\n\n\n<p><\/p>\n\n\n\n<div style=\"height:54px\" aria-hidden=\"true\" class=\"wp-block-spacer\"><\/div>\n\n\n\n<h4 class=\"wp-block-heading\">Cadre r\u00e9glementaire et contractuel :<\/h4>\n\n\n\n<ul class=\"wp-block-list\"><li>PLU &#8211; Plan Local d&rsquo;Urbanisme (<a rel=\"noreferrer noopener\" aria-label=\"vers le site de la ville (ouverture dans un nouvel onglet)\" href=\"https:\/\/www.ivry94.fr\/707\/plan-local-d-urbanisme.htm\" target=\"_blank\"><strong>vers le site de la ville<\/strong><\/a>)<\/li><li>trait\u00e9 de concession d\u2019am\u00e9nagement au profit de SADEV94<\/li><\/ul>\n\n\n\n<div class='w3eden'><!-- WPDM Link Template: Default Template -->\n\n<div class=\"link-template-default card mb-2\">\n    <div class=\"card-body\">\n        <div class=\"media\">\n            <div class=\"mr-3 img-48\"><img decoding=\"async\" class=\"wpdm_icon\" alt=\"Ic\u00f4ne\" src=\"https:\/\/urbanicc.fr\/wp-content\/plugins\/download-manager\/assets\/file-type-icons\/pdf.svg\" \/><\/div>\n            <div class=\"media-body\">\n                <h3 class=\"package-title\"><a href='https:\/\/urbanicc.fr\/index.php\/download\/2010_traite-de-concession-sadev\/'>2010_Trait\u00e9 de concession SADEV<\/a><\/h3>\n                <div class=\"text-muted text-small\"><i class=\"fas fa-copy\"><\/i> 1 fichier\u00b7s <i class=\"fas fa-hdd ml-3\"><\/i> 2.10 MB<\/div>\n            <\/div>\n            <div class=\"ml-3\">\n                <a class='wpdm-download-link download-on-click btn btn-primary btn-sm' rel='nofollow' href='#' data-downloadurl=\"https:\/\/urbanicc.fr\/index.php\/download\/2010_traite-de-concession-sadev\/?wpdmdl=970&refresh=69f614fae49fe1777734906\">T\u00e9l\u00e9charger<\/a>\n            <\/div>\n        <\/div>\n    <\/div>\n<\/div>\n\n<\/div>\n\n\n\n<h4 class=\"wp-block-heading\">Appel d\u2019offres de renouvellement de la ma\u00eetrise d\u2019\u0153uvre urbaine<\/h4>\n\n\n\n<div class='w3eden'><!-- WPDM Link Template: Default Template -->\n\n<div class=\"link-template-default card mb-2\">\n    <div class=\"card-body\">\n        <div class=\"media\">\n            <div class=\"mr-3 img-48\"><img decoding=\"async\" class=\"wpdm_icon\" alt=\"Ic\u00f4ne\" src=\"https:\/\/urbanicc.fr\/wp-content\/plugins\/download-manager\/assets\/file-type-icons\/zip.svg\" \/><\/div>\n            <div class=\"media-body\">\n                <h3 class=\"package-title\"><a href='https:\/\/urbanicc.fr\/index.php\/download\/2018_appel_offres_moe\/'>2018_appel_offres_MOE<\/a><\/h3>\n                <div class=\"text-muted text-small\"><i class=\"fas fa-copy\"><\/i> 1 fichier\u00b7s <i class=\"fas fa-hdd ml-3\"><\/i> 138.21 MB<\/div>\n            <\/div>\n            <div class=\"ml-3\">\n                <a class='wpdm-download-link download-on-click btn btn-primary btn-sm' rel='nofollow' href='#' data-downloadurl=\"https:\/\/urbanicc.fr\/index.php\/download\/2018_appel_offres_moe\/?wpdmdl=960&refresh=69f614fae76271777734906\">T\u00e9l\u00e9charger<\/a>\n            <\/div>\n        <\/div>\n    <\/div>\n<\/div>\n\n<\/div>\n\n\n\n<h4 class=\"wp-block-heading\">Bilans annuels par SADEV94<\/h4>\n\n\n\n<div class='w3eden'><!-- WPDM Link Template: Default Template -->\n\n<div class=\"link-template-default card mb-2\">\n    <div class=\"card-body\">\n        <div class=\"media\">\n            <div class=\"mr-3 img-48\"><img decoding=\"async\" class=\"wpdm_icon\" alt=\"Ic\u00f4ne\" src=\"https:\/\/urbanicc.fr\/wp-content\/plugins\/download-manager\/assets\/file-type-icons\/pdf.svg\" \/><\/div>\n            <div class=\"media-body\">\n                <h3 class=\"package-title\"><a href='https:\/\/urbanicc.fr\/index.php\/download\/2017_cracl\/'>2017_CRACL<\/a><\/h3>\n                <div class=\"text-muted text-small\"><i class=\"fas fa-copy\"><\/i> 1 fichier\u00b7s <i class=\"fas fa-hdd ml-3\"><\/i> 2.51 MB<\/div>\n            <\/div>\n            <div class=\"ml-3\">\n                <a class='wpdm-download-link download-on-click btn btn-primary btn-sm' rel='nofollow' href='#' data-downloadurl=\"https:\/\/urbanicc.fr\/index.php\/download\/2017_cracl\/?wpdmdl=977&refresh=69f614fae8eec1777734906\">T\u00e9l\u00e9charger<\/a>\n            <\/div>\n        <\/div>\n    <\/div>\n<\/div>\n\n<\/div>\n\n\n\n<h4 class=\"wp-block-heading\">Divers :<\/h4>\n\n\n\n<ul class=\"wp-block-list\"><li><strong>Manifeste de Nicolas Michelin<\/strong> (conf\u00e9rence de presse tenue le 31\/03\/2016) <\/li><\/ul>\n\n\n\n<p>Dans ce texte limpide et ramass\u00e9, Nicolas Michelin d\u00e9nonce les logiques financi\u00e8res qui font obstacle \u00e0 toute ambition qualitative dans la construction de la ville aujourd&rsquo;hui. Il plaide pour rendre \u00e0 l\u2019architecte son r\u00f4le central de concepteur du projet urbain et garant de l\u2019int\u00e9r\u00eat public, et pour le recours \u00e0 une forme d\u2019atelier collaboratif associant l\u2019ensemble des acteurs concern\u00e9s par la fabrique de la ville. <\/p>\n\n\n<div class='w3eden'><!-- WPDM Link Template: Default Template -->\n\n<div class=\"link-template-default card mb-2\">\n    <div class=\"card-body\">\n        <div class=\"media\">\n            <div class=\"mr-3 img-48\"><img decoding=\"async\" class=\"wpdm_icon\" alt=\"Ic\u00f4ne\" src=\"https:\/\/urbanicc.fr\/wp-content\/plugins\/download-manager\/assets\/file-type-icons\/pdf.svg\" \/><\/div>\n            <div class=\"media-body\">\n                <h3 class=\"package-title\"><a href='https:\/\/urbanicc.fr\/index.php\/download\/manifeste-nicolas-michelin\/'>Manifeste Nicolas Michelin<\/a><\/h3>\n                <div class=\"text-muted text-small\"><i class=\"fas fa-copy\"><\/i> 1 fichier\u00b7s <i class=\"fas fa-hdd ml-3\"><\/i> 800.09 KB<\/div>\n            <\/div>\n            <div class=\"ml-3\">\n                <a class='wpdm-download-link download-on-click btn btn-primary btn-sm' rel='nofollow' href='#' data-downloadurl=\"https:\/\/urbanicc.fr\/index.php\/download\/manifeste-nicolas-michelin\/?wpdmdl=981&refresh=69f614faea7341777734906\">T\u00e9l\u00e9charger<\/a>\n            <\/div>\n        <\/div>\n    <\/div>\n<\/div>\n\n<\/div>\n\n\n\n<div style=\"height:42px\" aria-hidden=\"true\" class=\"wp-block-spacer\"><\/div>\n\n\n\n<ul class=\"wp-block-list\"><li><strong>Les promoteurs immobiliers dans les projets urbains. Enjeux, m\u00e9canismes et cons\u00e9quences d\u2019une production urbaine int\u00e9gr\u00e9e en zone dense<\/strong> \u2013 Th\u00e8se de doctorat soutenue par Paul Citron le 9\/12\/2016 <\/li><\/ul>\n\n\n\n<p><a href=\"http:\/\/www.urbanisme-puca.gouv.fr\/IMG\/pdf\/citron_paul_texte-these-complet.pdf\" target=\"_blank\" rel=\"noreferrer noopener\" aria-label=\"http:\/\/www.urbanisme-puca.gouv.fr\/IMG\/pdf\/citron_paul_texte-these-complet.pdf (ouverture dans un nouvel onglet)\">http:\/\/www.urbanisme-puca.gouv.fr\/IMG\/pdf\/citron_paul_texte-these-complet.pdf<\/a><\/p>\n\n\n\n<p>Ce travail de recherche prend appui sur une description fine et passionnante du fonctionnement interne d\u2019un grand op\u00e9rateur immobilier fran\u00e7ais qui a su remonter la cha\u00eene de valeur en intervenant d\u00e8s le stade de l\u2019am\u00e9nagement.<\/p>\n\n\n\n<div style=\"height:100px\" aria-hidden=\"true\" class=\"wp-block-spacer\"><\/div>\n","protected":false},"excerpt":{"rendered":"<p>Base documentaire Cadre r\u00e9glementaire et contractuel : PLU &#8211; Plan Local d&rsquo;Urbanisme (vers le site de la ville) trait\u00e9 de concession d\u2019am\u00e9nagement au profit de SADEV94 Appel d\u2019offres de renouvellement de la ma\u00eetrise d\u2019\u0153uvre urbaine Bilans annuels par SADEV94 Divers : Manifeste de Nicolas Michelin (conf\u00e9rence de presse tenue le&#46;&#46;&#46;<\/p>\n","protected":false},"author":1,"featured_media":0,"parent":0,"menu_order":0,"comment_status":"closed","ping_status":"closed","template":"","meta":{"_exactmetrics_skip_tracking":false,"_exactmetrics_sitenote_active":false,"_exactmetrics_sitenote_note":"","_exactmetrics_sitenote_category":0,"ngg_post_thumbnail":0,"footnotes":""},"class_list":["post-949","page","type-page","status-publish","hentry"],"_links":{"self":[{"href":"https:\/\/urbanicc.fr\/index.php\/wp-json\/wp\/v2\/pages\/949","targetHints":{"allow":["GET"]}}],"collection":[{"href":"https:\/\/urbanicc.fr\/index.php\/wp-json\/wp\/v2\/pages"}],"about":[{"href":"https:\/\/urbanicc.fr\/index.php\/wp-json\/wp\/v2\/types\/page"}],"author":[{"embeddable":true,"href":"https:\/\/urbanicc.fr\/index.php\/wp-json\/wp\/v2\/users\/1"}],"replies":[{"embeddable":true,"href":"https:\/\/urbanicc.fr\/index.php\/wp-json\/wp\/v2\/comments?post=949"}],"version-history":[{"count":0,"href":"https:\/\/urbanicc.fr\/index.php\/wp-json\/wp\/v2\/pages\/949\/revisions"}],"wp:attachment":[{"href":"https:\/\/urbanicc.fr\/index.php\/wp-json\/wp\/v2\/media?parent=949"}],"curies":[{"name":"wp","href":"https:\/\/api.w.org\/{rel}","templated":true}]}}