{"id":7054,"date":"2025-11-01T23:13:22","date_gmt":"2025-11-01T22:13:22","guid":{"rendered":"https:\/\/urbanicc.fr\/?page_id=7054"},"modified":"2025-11-01T23:13:24","modified_gmt":"2025-11-01T22:13:24","slug":"un-projet-de-pension-de-famille-innovant-porte-par-solidarites-nouvelles-pour-le-logement-snl-a-ivry-sur-seine","status":"publish","type":"page","link":"https:\/\/urbanicc.fr\/index.php\/un-projet-de-pension-de-famille-innovant-porte-par-solidarites-nouvelles-pour-le-logement-snl-a-ivry-sur-seine\/","title":{"rendered":"Un projet de pension de famille innovant port\u00e9 par Solidarit\u00e9s Nouvelles pour le Logement (SNL) \u00e0 Ivry-sur-Seine"},"content":{"rendered":"\n<h2 class=\"wp-block-heading\"><s>\u00c0 Ivry-sur-Seine, <a href=\"https:\/\/www.solidarites-nouvelles-logement.org\/\">SNL<\/a> r\u00e9habilite un b\u00e2timent existant pour y cr\u00e9er 29 logements solidaires, associant pension de famille et habitat inclusif. Un mod\u00e8le d\u2019habitat durable qui r\u00e9pond aux besoins sp\u00e9cifiques de personnes isol\u00e9es et en situation d\u2019exclusion sociale. Il associe espaces privatifs et lieux de vie collectifs favorisant la convivialit\u00e9 et les \u00e9changes. Chaque r\u00e9sident b\u00e9n\u00e9ficie du soutien d\u2019une \u00e9quipe salari\u00e9e et des b\u00e9n\u00e9voles d\u00e9di\u00e9s, qui assurent \u00e0 la fois l\u2019accompagnement social, le bon fonctionnement et l\u2019animation quotidienne de la structure.<\/s><\/h2>\n\n\n\n<div style=\"height:100px\" aria-hidden=\"true\" class=\"wp-block-spacer\"><\/div>\n\n\n\n<div class=\"wp-block-columns is-layout-flex wp-container-core-columns-is-layout-9d6595d7 wp-block-columns-is-layout-flex\">\n<div class=\"wp-block-column is-layout-flow wp-block-column-is-layout-flow\" style=\"flex-basis:66.66%\">\n<h3 class=\"wp-block-heading\"><s>Pr\u00e9sentation du projet<\/s><\/h3>\n\n\n\n<p>\u00c0 Ivry-sur-Seine, au 43 rue L\u00e9nine, Solidarit\u00e9s Nouvelles pour le Logement porte un projet de pension de famille qui verra le jour en 2027.&nbsp; Le site accueillera 29 logements autonomes et solidaires&nbsp;: 20 en pension de famille et 9 en habitat inclusif pour des personnes en situation de handicap mental en partenariat avec l\u2019association <a href=\"https:\/\/colocvaldemarne.fr\/\">coloc en Val de Marne<\/a>. Chaque r\u00e9sident disposera d\u2019un studio ind\u00e9pendant et pourra b\u00e9n\u00e9ficier d\u2019espaces communs conviviaux&nbsp;: cuisine, salon, coursives ext\u00e9rieures mais aussi d\u2019un jardin d\u2019agriculture urbaine partag\u00e9 avec les habitants d\u2019Ivry.<\/p>\n<\/div>\n\n\n\n<div class=\"wp-block-column urbanicc_background urbanicc_column_right is-layout-flow wp-block-column-is-layout-flow\" style=\"flex-basis:33.33%\">\n<h4 class=\"wp-block-heading\"><strong><s>Expression libre<\/s><\/strong><br>urbanicc donne la parole aux habitants et aux dynamiques locales<\/h4>\n\n\n\n<div style=\"height:16px\" aria-hidden=\"true\" class=\"wp-block-spacer\"><\/div>\n\n\n\n<p>Le contenu de cette page est de la responsabilit\u00e9 de groupe local de Solidarit\u00e9s, b\u00e9n\u00e9voles SNL \u00e0 Ivry.<\/p>\n<\/div>\n<\/div>\n\n\n\n<div style=\"height:100px\" aria-hidden=\"true\" class=\"wp-block-spacer\"><\/div>\n\n\n\n<h3 class=\"wp-block-heading\"><s>Faire le choix de la r\u00e9habilitation : un projet social et respectueux de l&rsquo;environnement<\/s><\/h3>\n\n\n\n<p>Plut\u00f4t que de construire du neuf, SNL a fait le choix de la r\u00e9habilitation. Ce parti pris traduit une double ambition : pr\u00e9server le patrimoine b\u00e2ti existant et r\u00e9duire l\u2019empreinte \u00e9cologique du projet.<\/p>\n\n\n\n<p>Le futur b\u00e2timent sera r\u00e9habilit\u00e9 dans une logique de sobri\u00e9t\u00e9 et de haute performance \u00e9nerg\u00e9tique. Les mat\u00e9riaux existants seront conserv\u00e9s et valoris\u00e9s d\u00e8s que possible, dans un esprit de frugalit\u00e9, de r\u00e9silience et d\u2019\u00e9conomie de ressources.<\/p>\n\n\n\n<p>Cette d\u00e9marche s\u2019inscrit dans une volont\u00e9 de coh\u00e9rence entre le projet social et le projet architectural : redonner vie \u00e0 un lieu d\u00e9laiss\u00e9 pour y faire na\u00eetre un espace d\u2019accueil, d\u2019entraide et de mixit\u00e9.<\/p>\n\n\n\n<div style=\"height:100px\" aria-hidden=\"true\" class=\"wp-block-spacer\"><\/div>\n\n\n\n<figure class=\"wp-block-image size-large\"><img loading=\"lazy\" decoding=\"async\" width=\"1024\" height=\"577\" src=\"https:\/\/urbanicc.fr\/wp-content\/uploads\/2025\/10\/IMG-20251020-WA0006-1024x577.jpg\" alt=\"\" class=\"wp-image-7058\" srcset=\"https:\/\/urbanicc.fr\/wp-content\/uploads\/2025\/10\/IMG-20251020-WA0006-1024x577.jpg 1024w, https:\/\/urbanicc.fr\/wp-content\/uploads\/2025\/10\/IMG-20251020-WA0006-300x169.jpg 300w, https:\/\/urbanicc.fr\/wp-content\/uploads\/2025\/10\/IMG-20251020-WA0006-768x432.jpg 768w, https:\/\/urbanicc.fr\/wp-content\/uploads\/2025\/10\/IMG-20251020-WA0006-1536x865.jpg 1536w, https:\/\/urbanicc.fr\/wp-content\/uploads\/2025\/10\/IMG-20251020-WA0006.jpg 2000w\" sizes=\"auto, (max-width: 1024px) 100vw, 1024px\" \/><\/figure>\n\n\n\n<div style=\"height:100px\" aria-hidden=\"true\" class=\"wp-block-spacer\"><\/div>\n\n\n\n<h3 class=\"wp-block-heading\"><s>Le r\u00e9emploi et les chantiers participatifs au c\u0153ur du projet<\/s><\/h3>\n\n\n\n<p><\/p>\n\n\n\n<p>Dans la continuit\u00e9 de cette d\u00e9marche, SNL met le r\u00e9emploi et les chantiers participatifs au c\u0153ur du projet. Le temps de la construction servira de lieu d\u2019apprentissage gr\u00e2ce \u00e0 des chantiers apprenants et participatifs autour du r\u00e9emploi, de la r\u00e9novation biosourc\u00e9e, de la ma\u00e7onnerie sans b\u00e9ton, de la charpente et de la menuiserie en bois, mais aussi du jardinage, de l\u2019osier, ou encore du textile\u2026<\/p>\n\n\n\n<p>Ces chantiers sont ouverts \u00e0 tous&nbsp;: b\u00e9n\u00e9voles de SNL ou de coloc en Val de Marne, r\u00e9sidents de pension de famille, partenaires institutionnels, entreprises priv\u00e9es, entreprise d\u2019insertion ou habitant du quartier&#8230; Ils offrent \u00e0 chacun la possibilit\u00e9 de d\u00e9couvrir le projet, de s\u2019impliquer dans une d\u00e9marche solidaire et \u00e9cologique et d\u2019apprendre des techniques de r\u00e9emploi.<\/p>\n\n\n\n<p>Actuellement, les participants restaurent et r\u00e9utilisent les lavabos, poutres, tomettes et carrelages r\u00e9cup\u00e9r\u00e9s dans le b\u00e2timent pour les int\u00e9grer aux futurs logements. Ces actions limitent l\u2019achat de nouveaux mat\u00e9riaux, r\u00e9duisent les d\u00e9chets et encouragent des pratiques de construction innovantes et durables.<\/p>\n\n\n\n<p><strong>Si vous souhaitez rejoindre l\u2019aventure et vous inscrire aux prochains chantiers, n\u2019h\u00e9sitez pas \u00e0 remplir le formulaire&nbsp;: <\/strong><a href=\"https:\/\/x5n01.mjt.lu\/wgt\/x5n01\/x7uh\/form?c=af2fb4e6\"><strong>https:\/\/x5n01.mjt.lu\/wgt\/x5n01\/x7uh\/form?c=af2fb4e6<\/strong><\/a><\/p>\n\n\n\n<p>Pour nous aider dans cette d\u00e9marche, SNL s\u2019appuie du cabinet d\u2019architecture <a href=\"https:\/\/grandhuit.eu\">Grand Huit<\/a> . Cette coop\u00e9rative d\u2019architectes con\u00e7oit des lieux de vie innovants, respectueux de la nature et des personnes, o\u00f9 s\u2019exp\u00e9rimentent de nouvelles fa\u00e7ons d\u2019habiter et de partager l\u2019espace. Engag\u00e9e dans le d\u00e9veloppement durable, elle valorise les ressources et les acteurs locaux, inscrivant son action \u00e0 la crois\u00e9e de l\u2019\u00c9conomie Sociale et Solidaire et de l\u2019\u00e9conomie circulaire.&nbsp; &nbsp;&nbsp;<\/p>\n\n\n\n<div style=\"height:100px\" aria-hidden=\"true\" class=\"wp-block-spacer\"><\/div>\n\n\n\n<h3 class=\"wp-block-heading\"><s>Solidarit\u00e9s Nouvelles pour le Logement en quelques mots<\/s><\/h3>\n\n\n\n<p>Depuis 1988, Solidarit\u00e9s Nouvelles pour le Logement agit en \u00cele-de-France pour permettre aux personnes en situation de pr\u00e9carit\u00e9 d\u2019acc\u00e9der \u00e0 un logement digne et de recr\u00e9er du lien social gr\u00e2ce \u00e0 un accompagnement de proximit\u00e9. Dans cette dynamique, SNL a d\u00e9j\u00e0 ouvert 110 logements en pensions de famille \u00e0 travers la r\u00e9gion.<\/p>\n\n\n\n<p>98 % des logements SNL sont issus de la transformation du parc existant, ce projet ne fait pas exception \u00e0 la r\u00e8gle. Cr\u00e9er des logements d\u2019insertion ne signifie pas forc\u00e9ment construire du neuf&nbsp;: SNL privil\u00e9gie la transformation de logements vacants et de passoires thermiques pour en faire des logements d\u2019insertion de qualit\u00e9. Ce savoir-faire constitue l\u2019une des sp\u00e9cificit\u00e9s de SNL, reconnu pour ses r\u00e9habilitations exemplaires tant sur le plan de la performance thermique, que dans le choix des mat\u00e9riaux et de la mise en valeur du patrimoine.<\/p>\n\n\n\n<div style=\"height:100px\" aria-hidden=\"true\" class=\"wp-block-spacer\"><\/div>\n","protected":false},"excerpt":{"rendered":"<p>\u00c0 Ivry-sur-Seine, SNL r\u00e9habilite un b\u00e2timent existant pour y cr\u00e9er 29 logements solidaires, associant pension de famille et habitat inclusif. Un mod\u00e8le d\u2019habitat durable qui r\u00e9pond aux besoins sp\u00e9cifiques de personnes isol\u00e9es et en situation d\u2019exclusion sociale. Il associe espaces privatifs et lieux de vie collectifs favorisant la convivialit\u00e9 et&#46;&#46;&#46;<\/p>\n","protected":false},"author":1,"featured_media":7056,"parent":0,"menu_order":0,"comment_status":"closed","ping_status":"closed","template":"","meta":{"_exactmetrics_skip_tracking":false,"_exactmetrics_sitenote_active":false,"_exactmetrics_sitenote_note":"","_exactmetrics_sitenote_category":0,"ngg_post_thumbnail":0,"footnotes":""},"class_list":["post-7054","page","type-page","status-publish","has-post-thumbnail","hentry"],"_links":{"self":[{"href":"https:\/\/urbanicc.fr\/index.php\/wp-json\/wp\/v2\/pages\/7054","targetHints":{"allow":["GET"]}}],"collection":[{"href":"https:\/\/urbanicc.fr\/index.php\/wp-json\/wp\/v2\/pages"}],"about":[{"href":"https:\/\/urbanicc.fr\/index.php\/wp-json\/wp\/v2\/types\/page"}],"author":[{"embeddable":true,"href":"https:\/\/urbanicc.fr\/index.php\/wp-json\/wp\/v2\/users\/1"}],"replies":[{"embeddable":true,"href":"https:\/\/urbanicc.fr\/index.php\/wp-json\/wp\/v2\/comments?post=7054"}],"version-history":[{"count":4,"href":"https:\/\/urbanicc.fr\/index.php\/wp-json\/wp\/v2\/pages\/7054\/revisions"}],"predecessor-version":[{"id":7060,"href":"https:\/\/urbanicc.fr\/index.php\/wp-json\/wp\/v2\/pages\/7054\/revisions\/7060"}],"wp:featuredmedia":[{"embeddable":true,"href":"https:\/\/urbanicc.fr\/index.php\/wp-json\/wp\/v2\/media\/7056"}],"wp:attachment":[{"href":"https:\/\/urbanicc.fr\/index.php\/wp-json\/wp\/v2\/media?parent=7054"}],"curies":[{"name":"wp","href":"https:\/\/api.w.org\/{rel}","templated":true}]}}