{"id":6916,"date":"2025-05-26T00:13:13","date_gmt":"2025-05-25T22:13:13","guid":{"rendered":"https:\/\/urbanicc.fr\/?page_id=6916"},"modified":"2025-05-26T00:13:14","modified_gmt":"2025-05-25T22:13:14","slug":"non-a-deux-usines-polluantes-a-ivry","status":"publish","type":"page","link":"https:\/\/urbanicc.fr\/index.php\/non-a-deux-usines-polluantes-a-ivry\/","title":{"rendered":"NON \u00c0 DEUX USINES POLLUANTES \u00c0 IVRY !"},"content":{"rendered":"\n<h3 class=\"wp-block-heading\"><s>\u00c0 Ivry nous vivons sur un territoire qui cumule de multiples sources de pollution: incin\u00e9ration de d\u00e9chets m\u00e9nagers, autoroute A4, p\u00e9riph\u00e9rique, trafic ferroviaire et pass\u00e9 industriel. De fortes concentrations de dioxines, de polluants organiques persistants (POPs), et de m\u00e9taux lourds y ont \u00e9t\u00e9 mesur\u00e9es dans les sols, les oeufs de poule, les mousses et la v\u00e9g\u00e9tation par le bureau d&rsquo;\u00e9tudes ToxicoWatch en <a href=\"https:\/\/collectif3r.org\/dioxines-des-concentrations-records-relevees-a-proximite-de-lincinerateur-divry-paris-xiii\/\">2022<\/a> et <a href=\"https:\/\/collectif3r.org\/lanalyse-des-mousses-autour-de-lincinerateur-divry-sur-seine-confirme-une-pollution-majeure-et-recente\/\">2025<\/a> mais \u00e9galement lors d\u2019une \u00e9tude de l\u2019Agence R\u00e9gionale de Sant\u00e9 (ARS) <a href=\"https:\/\/www.iledefrance.ars.sante.fr\/etude-contamination-oeufs-polluants-organiques-persistants\">publi\u00e9e en 2024<\/a>.<\/s><\/h3>\n\n\n\n<div style=\"height:100px\" aria-hidden=\"true\" class=\"wp-block-spacer\"><\/div>\n\n\n\n<figure class=\"wp-block-image size-full\"><img loading=\"lazy\" decoding=\"async\" width=\"908\" height=\"294\" src=\"https:\/\/urbanicc.fr\/wp-content\/uploads\/2025\/05\/image-1.png\" alt=\"\" class=\"wp-image-6917\" srcset=\"https:\/\/urbanicc.fr\/wp-content\/uploads\/2025\/05\/image-1.png 908w, https:\/\/urbanicc.fr\/wp-content\/uploads\/2025\/05\/image-1-300x97.png 300w, https:\/\/urbanicc.fr\/wp-content\/uploads\/2025\/05\/image-1-768x249.png 768w\" sizes=\"auto, (max-width: 908px) 100vw, 908px\" \/><\/figure>\n\n\n\n<div style=\"height:100px\" aria-hidden=\"true\" class=\"wp-block-spacer\"><\/div>\n\n\n\n<p>L\u2019Observatoire R\u00e9gional de Sant\u00e9 (ORS) d\u2019Ile-de-France consid\u00e8re <a href=\"https:\/\/cartoviz2.institutparisregion.fr\/?id_appli=prse3&amp;map=@2.390498608025528,48.8227580455171,14z\">Ivry-sur-Seine comme un point noir environnemental<\/a>. L\u2019ORS en partenariat avec le d\u00e9partement environnement de l\u2019institut Paris R\u00e9gion et l\u2019INERIS a r\u00e9alis\u00e9 un score qui permet de r\u00e9v\u00e9ler les situations de cumuls d\u2019expositions d\u2019un point de vue g\u00e9ographique. Ce score s&rsquo;\u00e9chelonne entre 0 et 100. Plus ce score est \u00e9lev\u00e9, plus la probabilit\u00e9 de survenue d\u2019effets sanitaires li\u00e9s \u00e0 l\u2019environnement est \u00e9lev\u00e9e.<\/p>\n\n\n\n<p><strong><s>Le score \u00e0 Ivry-sur-Seine est \u00e0 67\/100. C\u2019est un des scores les plus \u00e9lev\u00e9s de Paris et de la petite couronne.<\/s><\/strong><\/p>\n\n\n\n<p>Malgr\u00e9 cette situation sanitaire pr\u00e9occupante, il a \u00e9t\u00e9 d\u00e9cid\u00e9 de maintenir sur notre territoire une usine polluante d\u2019incin\u00e9ration des d\u00e9chets m\u00e9nagers qui incin\u00e8re <strong><s>les d\u00e9chets de 14 villes autour de Paris et la moiti\u00e9 de ceux des Parisiens.<\/s><\/strong><\/p>\n\n\n\n<p>La pr\u00e9sence d\u2019une usine d\u2019incin\u00e9ration est un sacrifice important des Ivryens pour les Franciliens. Nous r\u00e9cup\u00e9rons la pollution sur notre territoire de d\u00e9chets produits ailleurs. <strong><s>Et pourtant ce n\u2019est pas la seule usine polluante que nous h\u00e9bergeons.<\/s><\/strong><\/p>\n\n\n\n<p>En effet, Ivry-sur-Seine accueille une centrale \u00e0 gaz, usine de la Compagnie Parisienne de Chauffage Urbain (CPCU) dans le cadre d\u2019une d\u00e9l\u00e9gation de service public conclue entre la Ville de Paris et la CPCU. Cette d\u00e9l\u00e9gation arrive \u00e0 son terme le 31 d\u00e9cembre 2026.<\/p>\n\n\n\n<p>Le conseil municipal d&rsquo;Ivry du 27 juin 2024 a accept\u00e9 que l&rsquo;usine CPCU sur le futur parc d&rsquo;Ivry Confluences soit d\u00e9mantel\u00e9e lorsqu&rsquo;une autre usine de production de chaleur aura pu \u00eatre reconstruite. La d\u00e9lib\u00e9ration indique que cette nouvelle usine pourrait \u00eatre construite sur l&#8217;emplacement de l&rsquo;ancienne usine d\u2019incin\u00e9ration du Syctom (le syndicat intercommunal de traitement des ordures m\u00e9nag\u00e8res) dans le quartier Bruneseau \u00e0 c\u00f4t\u00e9 de la nouvelle usine d\u2019incin\u00e9ration et donc r\u00e9duire l\u2019emprise qui devrait \u00eatre utile \u00e0 une plateforme de tri multi-fili\u00e8re.\u00a0 Ce quartier\u00a0 en cours de forte densification cumulerait alors deux usines polluantes\u00a0 au lieu d\u2019une !!!<\/p>\n\n\n\n<p>Si nous saluons le projet de d\u00e9mant\u00e8lement de l\u2019usine actuelle, <strong><s>nous exigeons plus d\u2019informations sur le nouveau projet de production de chaleur et nous alertons sur le risque d\u2019ajouter de la pollution \u00e0 une zone d\u00e9j\u00e0 pollu\u00e9e.<\/s> <\/strong>Toute implantation d\u2019une nouvelle usine \u00e0 Ivry-sur-Seine doit imp\u00e9rativement \u00eatre soumise \u00e0 une \u00e9tude d\u2019impact environnemental, et \u00e0 l\u2019approbation de la population. Le Collectif 3R s\u2019oppose \u00e0 tout nouveau projet industriel ajoutant de la pollution sur un territoire d\u00e9j\u00e0 tr\u00e8s pollu\u00e9.<\/p>\n\n\n\n<p>Le maire&nbsp; a \u00e9nonc\u00e9 \u00e0 de multiples reprises qu\u2019Ivry n\u2019est plus la ville servante de Paris. Pourquoi Ivry devrait-elle continuer \u00e0 h\u00e9berger deux usines polluantes quand d\u2019autres territoires parisiens ou en petite couronne n\u2019en n\u2019ont aucune ? O\u00f9 est l\u2019\u00e9quit\u00e9 entre Franciliens ?<\/p>\n\n\n\n<h2 class=\"wp-block-heading\"><strong><s>Pourquoi les infrastructures polluantes sont-elles toujours concentr\u00e9es dans les quartiers populaires ? C\u2019est une question de sant\u00e9 publique, et les Ivryens et Ivryennes, petits et grands, devraient pouvoir grandir, vivre et habiter dans un environnement sain.<\/s><\/strong><\/h2>\n\n\n\n<div style=\"height:100px\" aria-hidden=\"true\" class=\"wp-block-spacer\"><\/div>\n\n\n\n<p><\/p>\n","protected":false},"excerpt":{"rendered":"<p>\u00c0 Ivry nous vivons sur un territoire qui cumule de multiples sources de pollution: incin\u00e9ration de d\u00e9chets m\u00e9nagers, autoroute A4, p\u00e9riph\u00e9rique, trafic ferroviaire et pass\u00e9 industriel. De fortes concentrations de dioxines, de polluants organiques persistants (POPs), et de m\u00e9taux lourds y ont \u00e9t\u00e9 mesur\u00e9es dans les sols, les oeufs de&#46;&#46;&#46;<\/p>\n","protected":false},"author":10,"featured_media":6920,"parent":0,"menu_order":0,"comment_status":"closed","ping_status":"closed","template":"","meta":{"_exactmetrics_skip_tracking":false,"_exactmetrics_sitenote_active":false,"_exactmetrics_sitenote_note":"","_exactmetrics_sitenote_category":0,"ngg_post_thumbnail":0,"footnotes":""},"class_list":["post-6916","page","type-page","status-publish","has-post-thumbnail","hentry"],"_links":{"self":[{"href":"https:\/\/urbanicc.fr\/index.php\/wp-json\/wp\/v2\/pages\/6916","targetHints":{"allow":["GET"]}}],"collection":[{"href":"https:\/\/urbanicc.fr\/index.php\/wp-json\/wp\/v2\/pages"}],"about":[{"href":"https:\/\/urbanicc.fr\/index.php\/wp-json\/wp\/v2\/types\/page"}],"author":[{"embeddable":true,"href":"https:\/\/urbanicc.fr\/index.php\/wp-json\/wp\/v2\/users\/10"}],"replies":[{"embeddable":true,"href":"https:\/\/urbanicc.fr\/index.php\/wp-json\/wp\/v2\/comments?post=6916"}],"version-history":[{"count":3,"href":"https:\/\/urbanicc.fr\/index.php\/wp-json\/wp\/v2\/pages\/6916\/revisions"}],"predecessor-version":[{"id":6921,"href":"https:\/\/urbanicc.fr\/index.php\/wp-json\/wp\/v2\/pages\/6916\/revisions\/6921"}],"wp:featuredmedia":[{"embeddable":true,"href":"https:\/\/urbanicc.fr\/index.php\/wp-json\/wp\/v2\/media\/6920"}],"wp:attachment":[{"href":"https:\/\/urbanicc.fr\/index.php\/wp-json\/wp\/v2\/media?parent=6916"}],"curies":[{"name":"wp","href":"https:\/\/api.w.org\/{rel}","templated":true}]}}