{"id":5796,"date":"2023-11-01T23:42:02","date_gmt":"2023-11-01T22:42:02","guid":{"rendered":"https:\/\/urbanicc.fr\/?page_id=5796"},"modified":"2023-11-15T22:26:07","modified_gmt":"2023-11-15T21:26:07","slug":"plan-de-vegetalisation-citoyen-de-ivry-port-les-enjeux","status":"publish","type":"page","link":"https:\/\/urbanicc.fr\/index.php\/plan-de-vegetalisation-citoyen-de-ivry-port-les-enjeux\/","title":{"rendered":"Plan de v\u00e9g\u00e9talisation \u201ccitoyen\u201d de Ivry-Port : les enjeux de la v\u00e9g\u00e9talisation et de la renaturation"},"content":{"rendered":"\n<div style=\"height:100px\" aria-hidden=\"true\" class=\"wp-block-spacer\"><\/div>\n\n\n\n<div class=\"wp-block-columns is-layout-flex wp-container-core-columns-is-layout-9d6595d7 wp-block-columns-is-layout-flex\">\n<div class=\"wp-block-column is-layout-flow wp-block-column-is-layout-flow\" style=\"flex-basis:66.66%\">\n<h2 class=\"wp-block-heading\"><strong><s>Pr\u00e9sentation du quartier Ivry-Port<\/s><\/strong><\/h2>\n\n\n\n<p>Ivry-sur-Seine est une commune du Val de Marne situ\u00e9e sur la rive gauche de la Seine, \u00e0 5 km du centre de Paris.&nbsp;<\/p>\n\n\n\n<p>Au confluent de la Seine et de la Marne, aux portes de Paris, le quartier d\u2019Ivry-Port a largement concentr\u00e9 la plupart des usines polluantes et entrep\u00f4ts de la commune qui se sont d\u00e9velopp\u00e9s au XIX\u00e8me si\u00e8cle.&nbsp; Avec la d\u00e9sindustrialisation ces usines ont laiss\u00e9 place \u00e0 d&rsquo;importantes friches pollu\u00e9es entour\u00e9es d&rsquo;\u00eelots d&rsquo;habitat ancien faubourien.&nbsp;<\/p>\n\n\n\n<p>L&rsquo;ensemble du quartier est en zone inondable, dans une zone strat\u00e9gique sur le plan \u00e9cologique.<\/p>\n\n\n\n<div style=\"height:100px\" aria-hidden=\"true\" class=\"wp-block-spacer\"><\/div>\n\n\n\n<h3 class=\"wp-block-heading\"><strong><s>Projet de revitalisation urbaine &#8211; la ZAC Ivry Confluences<\/s><\/strong><\/h3>\n\n\n\n<p>La ZAC (Zone d\u2019Am\u00e9nagement Concert\u00e9) Ivry Confluences a \u00e9t\u00e9 cr\u00e9\u00e9e en 2010 afin d\u2019engager une op\u00e9ration de renouvellement urbain dans le quartier d\u2019Ivry-Port.<\/p>\n\n\n\n<p>Les premiers espaces publiques livr\u00e9s (square prudhon, passage de la minoterie, boulevard de Brandebourg, avenue de l\u2019industrie\u2026) durant la premi\u00e8re phase de la ZAC sont caract\u00e9ris\u00e9s par une forte min\u00e9ralit\u00e9 avec peu d\u2019am\u00e9nagements v\u00e9g\u00e9talis\u00e9s p\u00e9rennes sachant que la plaine Gambetta est un espace temporaire.&nbsp;<\/p>\n\n\n\n<div style=\"height:100px\" aria-hidden=\"true\" class=\"wp-block-spacer\"><\/div>\n\n\n\n<h3 class=\"wp-block-heading\"><strong><s>Renaturer -Rev\u00e9g\u00e9talisation, un enjeu majeur pour les habitants du quartier<\/s><\/strong><\/h3>\n\n\n\n<p>La ZAC doit faire venir \u00e0 terme 12.000 nouveaux habitants (6.000 logements) qui vont emm\u00e9nager sur des sols tr\u00e8s pollu\u00e9s et y vivre malgr\u00e9 des temp\u00e9ratures de plus en plus \u00e9lev\u00e9es dans un quartier particuli\u00e8rement sensible au changement climatique et aux \u00eelots de chaleur urbains d&rsquo;apr\u00e8s l\u2019Agence r\u00e9gionale de la biodiversit\u00e9 en \u00cele-de-France.<\/p>\n\n\n<div class=\"wp-block-image\">\n<figure class=\"aligncenter size-large is-resized\"><a href=\"https:\/\/www.apur.org\/fr\/geo-data\/thermographie\" target=\"_blank\" rel=\"noreferrer noopener\"><img loading=\"lazy\" decoding=\"async\" width=\"1024\" height=\"659\" src=\"https:\/\/urbanicc.fr\/wp-content\/uploads\/2023\/11\/image-3-1024x659.png\" alt=\"\" class=\"wp-image-5942\" style=\"width:491px;height:auto\" srcset=\"https:\/\/urbanicc.fr\/wp-content\/uploads\/2023\/11\/image-3-1024x659.png 1024w, https:\/\/urbanicc.fr\/wp-content\/uploads\/2023\/11\/image-3-300x193.png 300w, https:\/\/urbanicc.fr\/wp-content\/uploads\/2023\/11\/image-3-768x494.png 768w, https:\/\/urbanicc.fr\/wp-content\/uploads\/2023\/11\/image-3.png 1166w\" sizes=\"auto, (max-width: 1024px) 100vw, 1024px\" \/><\/a><figcaption class=\"wp-element-caption\">Thermographie \u00e9t\u00e9 &#8211; source : APUR<\/figcaption><\/figure>\n<\/div>\n\n<div class=\"wp-block-image\">\n<figure class=\"aligncenter size-full is-resized\"><img loading=\"lazy\" decoding=\"async\" width=\"499\" height=\"415\" src=\"https:\/\/urbanicc.fr\/wp-content\/uploads\/2023\/11\/image-4.png\" alt=\"\" class=\"wp-image-5944\" style=\"width:491px;height:auto\" srcset=\"https:\/\/urbanicc.fr\/wp-content\/uploads\/2023\/11\/image-4.png 499w, https:\/\/urbanicc.fr\/wp-content\/uploads\/2023\/11\/image-4-300x249.png 300w\" sizes=\"auto, (max-width: 499px) 100vw, 499px\" \/><figcaption class=\"wp-element-caption\">Thermographie \u00e9t\u00e9 &#8211; zoom Ivry-sur-Seine<\/figcaption><\/figure>\n<\/div>\n\n\n<div style=\"height:100px\" aria-hidden=\"true\" class=\"wp-block-spacer\"><\/div>\n\n\n\n<p><\/p>\n\n\n\n<p><strong><s>La nouvelle armature du sch\u00e9ma des espaces verts publics qui reposent sur l\u2019am\u00e9nagement du bord de Seine et les trois ivrynages, constitue une r\u00e9ponse.<\/s><\/strong><br><strong><s>Mais elle ne permettra pas de v\u00e9g\u00e9taliser l\u2019ancien quartier faubourien ni ne remet en cause la min\u00e9ralisation de la premi\u00e8re phase de la ZAC dont les voiries et les chauss\u00e9es ne sont pas adapt\u00e9es au changement climatique et favorisent des \u00eelots de chaleur urbains dans une ville qui sera tr\u00e8s dense.<\/s><\/strong><\/p>\n\n\n<div class=\"wp-block-image\">\n<figure class=\"aligncenter size-large\"><img loading=\"lazy\" decoding=\"async\" width=\"1024\" height=\"885\" src=\"https:\/\/urbanicc.fr\/wp-content\/uploads\/2023\/11\/image-5-1024x885.png\" alt=\"\" class=\"wp-image-6001\" srcset=\"https:\/\/urbanicc.fr\/wp-content\/uploads\/2023\/11\/image-5-1024x885.png 1024w, https:\/\/urbanicc.fr\/wp-content\/uploads\/2023\/11\/image-5-300x259.png 300w, https:\/\/urbanicc.fr\/wp-content\/uploads\/2023\/11\/image-5-768x664.png 768w, https:\/\/urbanicc.fr\/wp-content\/uploads\/2023\/11\/image-5.png 1166w\" sizes=\"auto, (max-width: 1024px) 100vw, 1024px\" \/><figcaption class=\"wp-element-caption\">espaces verts actuels et \u00e0 venir<\/figcaption><\/figure>\n<\/div>\n\n\n<p>La micro-v\u00e9g\u00e9talisation au pied de chaque immeuble, et au plus pr\u00e8s des habitants est un levier pour diminuer les \u00eelots de chaleur urbain, r\u00e9duire l\u2019imperm\u00e9abilisation des sols et elle pourrait permettre d&rsquo;accro\u00eetre la biodiversit\u00e9 d&rsquo;une zone strat\u00e9gique au confluent de la Seine et de la Marne.&nbsp;<\/p>\n\n\n\n<p>Nous pensons qu&rsquo;il ne suffit pas de construire des espaces verts et des espaces publics pour que cette future ville tr\u00e8s dense soit habitable dans les prochaines d\u00e9cennies. Il faut \u00e9galement v\u00e9g\u00e9taliser l&rsquo;ensemble de l&rsquo;espace public partout o\u00f9 cela est possible, soit par la plantation de nouveaux arbres qui cr\u00e9eront \u00e0 terme de l&rsquo;ombre, soit par la cr\u00e9ation de bandes de v\u00e9g\u00e9talisation en pleine terre qui permettront un meilleur stockage de l&rsquo;eau, et le d\u00e9veloppement de la biodiversit\u00e9. La plantation de v\u00e9g\u00e9taux aux propri\u00e9t\u00e9s d\u00e9polluantes est \u00e9galement un enjeu sur cette ancienne zone industrielle.<\/p>\n\n\n\n<div style=\"height:100px\" aria-hidden=\"true\" class=\"wp-block-spacer\"><\/div>\n\n\n\n<p><\/p>\n<\/div>\n\n\n\n<div class=\"wp-block-column urbanicc_background urbanicc_column_right is-layout-flow wp-block-column-is-layout-flow\" style=\"flex-basis:33.33%\">\n<h4 class=\"wp-block-heading\"><strong>Notre dossier v\u00e9g\u00e9talisation<\/strong><\/h4>\n\n\n\n<p class=\"has-text-align-left\"><i class=\"fas fa-arrow-alt-circle-right\"><\/i> <a href=\"https:\/\/urbanicc.fr\/index.php\/2023\/11\/15\/un-plan-de-vegetalisation-citoyen-pour-ivry-port\/\">Les informations essentielles pour comprendre notre d\u00e9marche<\/a><br><i class=\"fas fa-arrow-alt-circle-right\"><\/i> <a href=\"https:\/\/urbanicc.fr\/index.php\/sondage-vegetalisation-les-resultats\/\">Les habitants \u00ab\u00a0experts\u00a0\u00bb de leur quartier : les r\u00e9sultats de notre sondage<\/a><br><i class=\"fas fa-arrow-alt-circle-right\"><\/i> <a href=\"https:\/\/urbanicc.fr\/index.php\/carte-de-vegetalisation-de-ivry-port\/\">Les propositions des habitants sous forme de carte interactive<\/a><\/p>\n\n\n\n<hr class=\"wp-block-separator has-alpha-channel-opacity is-style-dots\"\/>\n\n\n\n<h4 class=\"wp-block-heading\"><strong>Ivry-Port est consid\u00e9r\u00e9 comme tr\u00e8s expos\u00e9 au changement climatique<\/strong><\/h4>\n\n\n\n<p>L\u2019institut Paris R\u00e9gion et l\u2019Agence r\u00e9gionale de la biodiversit\u00e9 en \u00cele-de-France dans le cadre du <strong>projet europ\u00e9en REGREEN<\/strong> ont \u00e9tabli une <strong><s>cartographie des zones urbaines les plus expos\u00e9es au risque d\u2019inondation par crue, au ruissellement et au ph\u00e9nom\u00e8ne d\u2019\u00eelot de chaleur urbain (ICU)<\/s><\/strong>. Ivry-Port est consid\u00e9r\u00e9 comme tr\u00e8s expos\u00e9 au changement climatique.<\/p>\n\n\n\n<p><img decoding=\"async\" width=\"410\" height=\"416.9333333333333\" src=\"https:\/\/lh7-us.googleusercontent.com\/SScj1gBVm3KkegsYw3Qx4VS4ECnQrb5785zxAQEeKyzGAN9tCY2v78Dcv418KUhW5aU7SL4zODDvppfSrPDaHQxNM37IMSXh3fIl4hU_idxHtP9GER6XocMHRjsnh1MKKAeQJIMAijBSGMWT3PhSFOU\"><\/p>\n\n\n\n<p class=\"has-text-align-center\">&gt; <a href=\"https:\/\/cartoviz2.institutparisregion.fr\/?id_appli=regreen&amp;map=@2.396228139260926,48.82439469831799,13z\" target=\"_blank\" rel=\"noreferrer noopener\">consulter la carte<\/a><\/p>\n\n\n\n<p><img loading=\"lazy\" decoding=\"async\" width=\"202\" height=\"326\" src=\"https:\/\/lh7-us.googleusercontent.com\/cw6UjlVqhzEu7slqzY_bsDvucBy6zQHCT4um77DCYpi9x2T3-3d4yG9oW2Z_g6fH0QXyXoM_i6uEkp0ZgX985JElgT_HnJR73xmDN34Qsm106FkhxJppuDj6LzI2IWOhfoYiCP9RUjOHuK2vaxteIe0\"><\/p>\n\n\n\n<div style=\"height:43px\" aria-hidden=\"true\" class=\"wp-block-spacer\"><\/div>\n\n\n\n<p>Ils ont \u00e9galement cartographi\u00e9 les zones urbaines d\u00e9favorables \u00e0 l\u2019accueil de la biodiversit\u00e9 \u00e0 partir de 3 crit\u00e8res : la surface des espaces v\u00e9g\u00e9talis\u00e9s, le pourcentage de couvert v\u00e9g\u00e9talis\u00e9 et la pr\u00e9sence d\u2019habitats rares. Ivry sur Seine y est class\u00e9 comme une zone \u00e0 renaturer en priorit\u00e9 avec 25% de la commune potentiellement renaturable.<\/p>\n\n\n\n<p><img loading=\"lazy\" decoding=\"async\" width=\"427\" height=\"291\" src=\"https:\/\/lh7-us.googleusercontent.com\/e6lcKulKao3Iyf5P-Rng7KrtFIXfm0hzN1NCV0Btv760ElDabmzeOAO8nolNVZymPPfrjlXyugPatvW_QhLTb9Cf1RqdUD9ZkvzFKKqErdXbshFp225DL8nVCihU2deI5sWaNPhEwf6tdlGUVPzKkIk\"><\/p>\n\n\n\n<p><img loading=\"lazy\" decoding=\"async\" src=\"https:\/\/lh7-us.googleusercontent.com\/3VnLoTsAjWsCmGxKotL3Nthk8BPR9VoY5ATuvIuXNcDq4fiwl0I0Ch0zpojwmR2oFvCpiDMmXl7xBDBlepKDAFHei48ClWKaJ8J9_LzCK6Jszaywa8zPJiPdC_841xFqy-1ULVUqbCNUfIF0vpygAW4\" width=\"181\" height=\"302\"><\/p>\n\n\n\n<p><\/p>\n<\/div>\n<\/div>\n\n\n\n<div style=\"height:100px\" aria-hidden=\"true\" class=\"wp-block-spacer\"><\/div>\n\n\n\n<p><\/p>\n","protected":false},"excerpt":{"rendered":"<p>Pr\u00e9sentation du quartier Ivry-Port Ivry-sur-Seine est une commune du Val de Marne situ\u00e9e sur la rive gauche de la Seine, \u00e0 5 km du centre de Paris.&nbsp; Au confluent de la Seine et de la Marne, aux portes de Paris, le quartier d\u2019Ivry-Port a largement concentr\u00e9 la plupart des usines&#46;&#46;&#46;<\/p>\n","protected":false},"author":10,"featured_media":6016,"parent":0,"menu_order":0,"comment_status":"closed","ping_status":"closed","template":"","meta":{"_exactmetrics_skip_tracking":false,"_exactmetrics_sitenote_active":false,"_exactmetrics_sitenote_note":"","_exactmetrics_sitenote_category":0,"ngg_post_thumbnail":0,"footnotes":""},"class_list":["post-5796","page","type-page","status-publish","has-post-thumbnail","hentry"],"_links":{"self":[{"href":"https:\/\/urbanicc.fr\/index.php\/wp-json\/wp\/v2\/pages\/5796","targetHints":{"allow":["GET"]}}],"collection":[{"href":"https:\/\/urbanicc.fr\/index.php\/wp-json\/wp\/v2\/pages"}],"about":[{"href":"https:\/\/urbanicc.fr\/index.php\/wp-json\/wp\/v2\/types\/page"}],"author":[{"embeddable":true,"href":"https:\/\/urbanicc.fr\/index.php\/wp-json\/wp\/v2\/users\/10"}],"replies":[{"embeddable":true,"href":"https:\/\/urbanicc.fr\/index.php\/wp-json\/wp\/v2\/comments?post=5796"}],"version-history":[{"count":38,"href":"https:\/\/urbanicc.fr\/index.php\/wp-json\/wp\/v2\/pages\/5796\/revisions"}],"predecessor-version":[{"id":6083,"href":"https:\/\/urbanicc.fr\/index.php\/wp-json\/wp\/v2\/pages\/5796\/revisions\/6083"}],"wp:featuredmedia":[{"embeddable":true,"href":"https:\/\/urbanicc.fr\/index.php\/wp-json\/wp\/v2\/media\/6016"}],"wp:attachment":[{"href":"https:\/\/urbanicc.fr\/index.php\/wp-json\/wp\/v2\/media?parent=5796"}],"curies":[{"name":"wp","href":"https:\/\/api.w.org\/{rel}","templated":true}]}}