{"id":578,"date":"2018-12-11T13:58:27","date_gmt":"2018-12-11T12:58:27","guid":{"rendered":"https:\/\/urbanicc.fr\/?page_id=578"},"modified":"2019-01-08T17:42:15","modified_gmt":"2019-01-08T16:42:15","slug":"nos-objectifs","status":"publish","type":"page","link":"https:\/\/urbanicc.fr\/index.php\/nos-objectifs\/","title":{"rendered":"Nos intentions"},"content":{"rendered":"\n<p><del>Nous d\u00e9fendons l\u2019id\u00e9e que la ville ne peut pas se faire sans ses habitants<\/del>, car c\u2019est \u00e0 force de l\u2019habiter ou de la fr\u00e9quenter que leur vient le d\u00e9sir d\u2019une cit\u00e9 harmonieuse.<br><\/p>\n\n\n\n<p>Nous pensons qu\u2019habiter une ville doit \u00eatre davantage que disposer d\u2019un logement. Depuis l\u2019organisation des \u00eelots jusqu\u2019\u00e0 celle des espaces publics, tous les lieux de notre vie m\u00e9ritent d\u2019\u00eatre pens\u00e9s dans la double perspective des mutations de la soci\u00e9t\u00e9 et du vivre-ensemble.<\/p>\n\n\n\n<p>Urbanisme, architecture et nature dans la ville sont les moyens par lesquels l\u2019urbanit\u00e9 se cr\u00e9e. \u00c0 condition que les int\u00e9r\u00eats priv\u00e9s des promoteurs soient cadr\u00e9s par une volont\u00e9 forte des pouvoirs publics de r\u00e9aliser la ville pour le b\u00e9n\u00e9fice premier de ceux qui s\u2019y installent ou y travaillent.<\/p>\n\n\n\n<p>Notre r\u00e9flexion privil\u00e9gie l\u2019intelligence collective, contre l\u2019affirmation que seuls les professionnels sont cens\u00e9s penser et r\u00e9aliser le nouvel Ivry.<\/p>\n","protected":false},"excerpt":{"rendered":"<p>Nous d\u00e9fendons l\u2019id\u00e9e que la ville ne peut pas se faire sans ses habitants, car c\u2019est \u00e0 force de l\u2019habiter ou de la fr\u00e9quenter que leur vient le d\u00e9sir d\u2019une cit\u00e9 harmonieuse. Nous pensons qu\u2019habiter une ville doit \u00eatre davantage que disposer d\u2019un logement. Depuis l\u2019organisation des \u00eelots jusqu\u2019\u00e0 celle&#46;&#46;&#46;<\/p>\n","protected":false},"author":1,"featured_media":0,"parent":0,"menu_order":0,"comment_status":"closed","ping_status":"closed","template":"","meta":{"_exactmetrics_skip_tracking":false,"_exactmetrics_sitenote_active":false,"_exactmetrics_sitenote_note":"","_exactmetrics_sitenote_category":0,"ngg_post_thumbnail":0,"footnotes":""},"class_list":["post-578","page","type-page","status-publish","hentry"],"_links":{"self":[{"href":"https:\/\/urbanicc.fr\/index.php\/wp-json\/wp\/v2\/pages\/578","targetHints":{"allow":["GET"]}}],"collection":[{"href":"https:\/\/urbanicc.fr\/index.php\/wp-json\/wp\/v2\/pages"}],"about":[{"href":"https:\/\/urbanicc.fr\/index.php\/wp-json\/wp\/v2\/types\/page"}],"author":[{"embeddable":true,"href":"https:\/\/urbanicc.fr\/index.php\/wp-json\/wp\/v2\/users\/1"}],"replies":[{"embeddable":true,"href":"https:\/\/urbanicc.fr\/index.php\/wp-json\/wp\/v2\/comments?post=578"}],"version-history":[{"count":0,"href":"https:\/\/urbanicc.fr\/index.php\/wp-json\/wp\/v2\/pages\/578\/revisions"}],"wp:attachment":[{"href":"https:\/\/urbanicc.fr\/index.php\/wp-json\/wp\/v2\/media?parent=578"}],"curies":[{"name":"wp","href":"https:\/\/api.w.org\/{rel}","templated":true}]}}