{"id":5757,"date":"2023-10-05T23:35:29","date_gmt":"2023-10-05T21:35:29","guid":{"rendered":"https:\/\/urbanicc.fr\/?page_id=5757"},"modified":"2023-10-05T23:35:30","modified_gmt":"2023-10-05T21:35:30","slug":"portrait-dartisans-la-pagaille-recyclerie-creee-a-ivry-port-en-2017","status":"publish","type":"page","link":"https:\/\/urbanicc.fr\/index.php\/portrait-dartisans-la-pagaille-recyclerie-creee-a-ivry-port-en-2017\/","title":{"rendered":"Portrait d\u2019artisans &#8211; La Pagaille, recyclerie cr\u00e9\u00e9e \u00e0 Ivry-Port en 2017"},"content":{"rendered":"\n<h3 class=\"wp-block-heading\"><s>De nombreux Ivryens fr\u00e9quentent la Pagaille et l\u2019ont int\u00e9gr\u00e9e dans leurs pratiques \u00e9cologiques et solidaires. Aussi est-il int\u00e9ressant d\u2019en mieux conna\u00eetre le fonctionnement.<\/s><\/h3>\n\n\n\n<h3 class=\"wp-block-heading\"><s>Ga\u00ebtan Lecompte, directeur et Virginia Santilli, responsable financi\u00e8re ont expos\u00e9 \u00e0 Urbanicc leurs objectifs, les phases de mise en \u0153uvre de ce projet et ses d\u00e9veloppements.<\/s><\/h3>\n\n\n\n<div style=\"height:100px\" aria-hidden=\"true\" class=\"wp-block-spacer\"><\/div>\n\n\n\n<h2 class=\"wp-block-heading\"><s>La Pagaille est une recyclerie g\u00e9n\u00e9raliste et un Atelier Chantier d\u2019Insertion<\/s><\/h2>\n\n\n\n<p>La Pagaille fonctionne sur le don et la r\u00e9cup\u00e9ration de tous types d\u2019objets de la vie quotidienne (livres, meubles, quincaillerie, bibelots, outillages, habillement). Elle trie, nettoie, \u00e9ventuellement r\u00e9pare pour vendre ou donner. Si le r\u00e9emploi n\u2019est pas possible, les objets sont r\u00e9orient\u00e9s en fonction de leur mati\u00e8re vers des partenaires de recyclage appropri\u00e9s de fa\u00e7on \u00e0 \u00e9viter au maximum de faire du d\u00e9chet ultime.&nbsp; En 2022 la Pagaille a trait\u00e9 182 tonnes d\u2019objets dont \u00e0 peine 3% ont fini incin\u00e9r\u00e9s ou enfouis. &nbsp;<\/p>\n\n\n\n<p>La Pagaille est une association Loi 1901 avec un agr\u00e9ment atelier et chantier d\u2019insertion. En partenariat avec la DRIEETS du Val de Marne, elle accompagne des salari\u00e9s en insertion pour les aider \u00e0 se former ou \u00e0 trouver un emploi en fonction de leur projet professionnel.<\/p>\n\n\n\n<p>Elle accueille ainsi 25 salari\u00e9s en parcours d\u2019insertion qui b\u00e9n\u00e9ficient d\u2019un accompagnement pour les d\u00e9marches administratives, pour leurs remises \u00e0 niveau linguistiques et leurs besoins de formation. Elles les aide \u00e0 formaliser et concr\u00e9tiser leur projet professionnel et les conduit vers un emploi durable. Ce sont les prescripteurs institutionnels (P\u00f4le emploi, Mission locale Ivry\/Vitry, Cap emploi 94\u2026) qui orientent les candidatures vers la Pagaille.<\/p>\n\n\n\n<p>La Pagaille emploie 15 salari\u00e9s permanents, 4 occupant des fonctions supports et 11 \u00e9tant des encadrants ou assistants techniques. L\u2019\u00e9quipe est compl\u00e9t\u00e9e par des personnes en service civique, en alternance, ou stagiaires (entre 6 et 8 personnes en permanence).<\/p>\n\n\n\n<p>Compte tenu de la multitude d\u2019objets trait\u00e9s, la recyclerie est organis\u00e9e par p\u00f4le n\u00e9cessitant des comp\u00e9tences sp\u00e9cifiques et pointues, ce qui permet d\u2019offrir des opportunit\u00e9s d\u2019emplois tr\u00e8s diverses (dans le textile, les livres, l\u2019\u00e9lectronique, l\u2019informatique, l\u2019\u00e9lectrom\u00e9nager, la menuiserie, le v\u00e9lo\u2026).<\/p>\n\n\n\n<p>La Pagaille travaille en r\u00e9seau avec des entreprises, certaines dans le quartier, afin d\u2019organiser la sortie vers un emploi durable pour ses salari\u00e9s en insertion. &nbsp;<\/p>\n\n\n\n<p>Les salari\u00e9s en insertion restent en moyenne 18 mois et en g\u00e9n\u00e9ral 70% d\u2019entre eux connaissent une sortie positive, essentiellement locale. Des partenariats de confiance avec de futurs recruteurs sont \u00e0 consolider afin de construire un r\u00e9seau d\u2019entreprises plus solide.<\/p>\n\n\n\n<p>La Pagaille a \u00e9galement \u00e9tabli un partenariat avec les bailleurs sociaux pr\u00e9sents dans le territoire en assurant des prestations de collecte en pied d\u2019immeuble, d\u2019animation et de sensibilisation au r\u00e9emploi. (Valophis, Paris Habitat, Organismes hlm du groupe Action Logement ..)<\/p>\n\n\n\n<p>Outre les piliers, \u00e9cologie et insertion professionnelle, la Pagaille d\u00e9veloppe une activit\u00e9 sociale et solidaire. Cela se traduit entre autres par l\u2019h\u00e9bergement d\u2019une cantine solidaire g\u00e9r\u00e9e par l\u2019association des Bokhal\u00e8s. Cette association emploie 3 salari\u00e9s, 2 services civiques et des b\u00e9n\u00e9voles.<\/p>\n\n\n\n<p>La Pagaille joue \u00e9galement un r\u00f4le d\u2019accueil et d\u2019animation de la vie sociale du quartier&nbsp;: cours de fran\u00e7ais, aide aux devoirs, distribution gratuite de v\u00eatements, permanences d\u2019acc\u00e8s aux droits, mise \u00e0 disposition d\u2019une photocopieuse, assistance au num\u00e9rique \u2026<\/p>\n\n\n\n<p>La Pagaille a aussi d\u00e9velopp\u00e9 un volet culturel, notamment au travers d\u2019un studio d\u2019enregistrement, et organise des \u00e9v\u00e8nements tant sur place qu\u2019hors les murs.<\/p>\n\n\n\n<div style=\"height:100px\" aria-hidden=\"true\" class=\"wp-block-spacer\"><\/div>\n\n\n\n<figure class=\"wp-block-gallery has-nested-images columns-default is-cropped wp-block-gallery-1 is-layout-flex wp-block-gallery-is-layout-flex\">\n<figure class=\"wp-block-image size-large\"><img loading=\"lazy\" decoding=\"async\" width=\"1024\" height=\"768\" data-id=\"5761\" src=\"https:\/\/urbanicc.fr\/wp-content\/uploads\/2023\/10\/IMG_3531-1024x768.jpg\" alt=\"\" class=\"wp-image-5761\" srcset=\"https:\/\/urbanicc.fr\/wp-content\/uploads\/2023\/10\/IMG_3531-1024x768.jpg 1024w, https:\/\/urbanicc.fr\/wp-content\/uploads\/2023\/10\/IMG_3531-300x225.jpg 300w, https:\/\/urbanicc.fr\/wp-content\/uploads\/2023\/10\/IMG_3531-768x576.jpg 768w, https:\/\/urbanicc.fr\/wp-content\/uploads\/2023\/10\/IMG_3531-1536x1152.jpg 1536w, https:\/\/urbanicc.fr\/wp-content\/uploads\/2023\/10\/IMG_3531.jpg 2016w\" sizes=\"auto, (max-width: 1024px) 100vw, 1024px\" \/><\/figure>\n\n\n\n<figure class=\"wp-block-image size-large\"><img loading=\"lazy\" decoding=\"async\" width=\"1024\" height=\"768\" data-id=\"5763\" src=\"https:\/\/urbanicc.fr\/wp-content\/uploads\/2023\/10\/IMG_3535-1024x768.jpg\" alt=\"\" class=\"wp-image-5763\" srcset=\"https:\/\/urbanicc.fr\/wp-content\/uploads\/2023\/10\/IMG_3535-1024x768.jpg 1024w, https:\/\/urbanicc.fr\/wp-content\/uploads\/2023\/10\/IMG_3535-300x225.jpg 300w, https:\/\/urbanicc.fr\/wp-content\/uploads\/2023\/10\/IMG_3535-768x576.jpg 768w, https:\/\/urbanicc.fr\/wp-content\/uploads\/2023\/10\/IMG_3535-1536x1152.jpg 1536w, https:\/\/urbanicc.fr\/wp-content\/uploads\/2023\/10\/IMG_3535.jpg 2016w\" sizes=\"auto, (max-width: 1024px) 100vw, 1024px\" \/><\/figure>\n\n\n\n<figure class=\"wp-block-image size-large\"><img loading=\"lazy\" decoding=\"async\" width=\"1024\" height=\"768\" data-id=\"5768\" src=\"https:\/\/urbanicc.fr\/wp-content\/uploads\/2023\/10\/IMG_3537-1-1024x768.jpg\" alt=\"\" class=\"wp-image-5768\" srcset=\"https:\/\/urbanicc.fr\/wp-content\/uploads\/2023\/10\/IMG_3537-1-1024x768.jpg 1024w, https:\/\/urbanicc.fr\/wp-content\/uploads\/2023\/10\/IMG_3537-1-300x225.jpg 300w, https:\/\/urbanicc.fr\/wp-content\/uploads\/2023\/10\/IMG_3537-1-768x576.jpg 768w, https:\/\/urbanicc.fr\/wp-content\/uploads\/2023\/10\/IMG_3537-1-1536x1152.jpg 1536w, https:\/\/urbanicc.fr\/wp-content\/uploads\/2023\/10\/IMG_3537-1.jpg 2016w\" sizes=\"auto, (max-width: 1024px) 100vw, 1024px\" \/><\/figure>\n<\/figure>\n\n\n\n<div style=\"height:100px\" aria-hidden=\"true\" class=\"wp-block-spacer\"><\/div>\n\n\n\n<h2 class=\"wp-block-heading\"><s>Histoire de l\u2019entreprise&nbsp;: de la lutte contre la r\u00e9novation urbaine \u00e0 un projet de recyclerie<\/s><\/h2>\n\n\n\n<p>Le projet de recyclerie a \u00e9t\u00e9 port\u00e9 initialement par 6\/7 personnes qui r\u00e9sidaient \u00e0 Ivry Port, et qui \u00e9taient \u00e0 la recherche d\u2019un m\u00e9tier ayant du sens en termes \u00e9cologique et social.<\/p>\n\n\n\n<p>Ces porteurs de projets \u00e9taient d\u00e9j\u00e0 actifs au sein du quartier d\u2019Ivry-port depuis plusieurs ann\u00e9es en participant \u00e0 l\u2019ouverture d\u2019un centre social \u00ab\u00a0autog\u00e9r\u00e9 \u00ab\u00a0(le Dilengo) dans un b\u00e2timent rue Moli\u00e8re le long de la voie ferr\u00e9e. Cet immeuble avait \u00e9t\u00e9 vid\u00e9 de ses occupants (une entreprise) par la Sadev alors que la d\u00e9molition dans le cadre de la ZAC Ivry Confluence n\u2019\u00e9tait pr\u00e9vue que des ann\u00e9es plus tard au cours de la 3<sup>\u00e8me<\/sup> phase du projet. Le centre social autog\u00e9r\u00e9 Dilengo a permis d\u2019offrir un logement \u00e0 des familles qui voulaient quitter le bidonville Roms ou qui \u00e9taient \u00e0 la rue. Il a aussi f\u00e9d\u00e9r\u00e9 des habitants du quartier &#8211; avec l\u2019association \u00ab\u00a0Ivry sans toi(t)\u00a0\u00bb &#8211; contre les expulsions et expropriations qui ont marqu\u00e9 toute la premi\u00e8re partie de la r\u00e9novation du quartier. \u00ab\u00a0<em>L\u2019objectif \u00e9tait d\u2019obtenir le droit \u00e0 un relogement pour toutes les personnes concern\u00e9es . Mais aussi de d\u00e9crypter les enjeux urbains, sociaux et financiers d\u2019un projet de r\u00e9novation o\u00f9 les risques de prise en main par les promoteurs au d\u00e9triment des habitants \u00e9taient pr\u00e9visibles\u00a0\u00bb. \u00a0<\/em><\/p>\n\n\n\n<div style=\"height:46px\" aria-hidden=\"true\" class=\"wp-block-spacer\"><\/div>\n\n\n\n<p>Apr\u00e8s une phase de tension avec l\u2019am\u00e9nageur au d\u00e9marrage de la ZAC, le projet de recyclerie est n\u00e9 d\u2019une conjonction de facteurs :<\/p>\n\n\n\n<ul class=\"wp-block-list\">\n<li>La volont\u00e9 du collectif, au-del\u00e0 de leur action militante, de cr\u00e9er une source de revenus conforme \u00e0 leurs objectifs sociaux et \u00e9cologiques.<\/li>\n\n\n\n<li>La rencontre avec l\u2019une des premi\u00e8res ressourceries cr\u00e9\u00e9es dans Paris (La Petite Roquette)<\/li>\n\n\n\n<li>L\u2019existence dans l\u2019environnement imm\u00e9diat de savoirs faire de r\u00e9cup\u00e9ration, de r\u00e9paration, de vente sur les march\u00e9s, notamment dans le bidonville&nbsp; de Roms<\/li>\n\n\n\n<li>La volont\u00e9 de la ville de d\u00e9velopper l\u2019\u00e9conomie sociale et solidaire et des tiers lieux qui se traduisait dans le programme municipal par l\u2019aide \u00e0 la cr\u00e9ation d\u2019une ressourcerie.<\/li>\n\n\n\n<li>L\u2019opportunit\u00e9, rep\u00e9r\u00e9e par le collectif, d\u2019une occupation temporaire d\u2019un lieu qu\u2019il est pr\u00e9vu de d\u00e9molir \u00e0 terme, en derni\u00e8re phase de la ZAC.<\/li>\n\n\n\n<li>La capacit\u00e9 du collectif \u00e0 mobiliser tout un r\u00e9seau de b\u00e9n\u00e9voles.<\/li>\n<\/ul>\n\n\n\n<p>Le collectif, tr\u00e8s attach\u00e9 \u00e0 Ivry-Port, a \u00e9tabli un rapport de confiance avec la ville sur la base d\u2019un projet tr\u00e8s coop\u00e9ratif, qui \u00e9tait modeste au d\u00e9part. Ce partenariat a d\u00e9bouch\u00e9 sur une convention qui pr\u00e9voyait que la ville mette \u00e0 disposition gratuitement le lieu, \u00e0 condition que le collectif s\u2019engage en contrepartie \u00e0 le r\u00e9habiliter aux normes de s\u00e9curit\u00e9 en vigueur pour les \u00e9tablissements recevant du public et des salari\u00e9s. L\u2019am\u00e9nageur, la SADEV en avait d\u00e9j\u00e0 acquis la maitrise fonci\u00e8re.<\/p>\n\n\n\n<p>La r\u00e9habilitation de ce lieu s\u2019est appuy\u00e9e sur des subventions et sur beaucoup de b\u00e9n\u00e9volat gr\u00e2ce \u00e0 des membres qui avaient de solides comp\u00e9tences dans le domaine des travaux en b\u00e2timent. L\u2019engagement militant de ces b\u00e9n\u00e9voles dans la mise aux normes des b\u00e2timents ont \u00e9t\u00e9 \u00e0 l\u2019origine d\u2019\u00e9conomies substantielles qui ont permis de consacrer une partie des subventions au d\u00e9marrage du projet et \u00e0 la constitution d\u2019une tr\u00e9sorerie. La mise en route de la Pagaille n\u2019aurait pas \u00e9t\u00e9 possible sans un important r\u00e9seau et amis attach\u00e9s au quartier. C\u2019est \u00e9galement la mobilisation des dispositifs de contrats aid\u00e9s (avant leur suppression) &nbsp;et d\u2019aides sociales qui ont permis le d\u00e9collage du projet.<\/p>\n\n\n\n<p>Pendant les deux premi\u00e8res ann\u00e9es, l\u2019association n\u2019a pu d\u00e9gager de salaires.<\/p>\n\n\n\n<p>Tr\u00e8s vite est apparu l\u2019int\u00e9r\u00eat tant social qu\u2019\u00e9conomique de faire reconna\u00eetre la dimension d\u2019insertion que la recyclerie pratiquait de fa\u00e7on informelle.<\/p>\n\n\n\n<p>L\u2019obtention de l\u2019agr\u00e9ment par l\u2019Etat comme \u00ab atelier d\u2019insertion&nbsp;\u00bb a constitu\u00e9 une \u00e9tape importante dans la reconnaissance de la structure et dans son int\u00e9gration dans un r\u00e9seau national. Cela a \u00e9t\u00e9 un temps de forte mobilisation pour franchir toutes les \u00e9tapes de cette proc\u00e9dure d\u2019appel \u00e0 Manifestation d\u2019Int\u00e9r\u00eat (constitution d\u2019un dossier avec une vision \u00e0 moyen terme,&nbsp; passage devant un jury, mise en place de dispositifs locaux d\u2019accompagnement..) Ce volet insertion a pris de plus en plus de place aux c\u00f4t\u00e9s des deux autres piliers, \u00e9cologie et animation\/ solidarit\u00e9.<\/p>\n\n\n\n<p>Militantisme, b\u00e9n\u00e9volat, d\u00e9termination du collectif \u00e0 se positionner comme acteur du territoire, convergences d\u2019objectifs avec la ville et adh\u00e9sion des Ivryens au projet ont permis \u00e0 la Pagaille de conna\u00eetre un d\u00e9veloppement rapide, et d\u2019obtenir une reconnaissance tant sociale que politique.<\/p>\n\n\n\n<div style=\"height:100px\" aria-hidden=\"true\" class=\"wp-block-spacer\"><\/div>\n\n\n\n<figure class=\"wp-block-gallery has-nested-images columns-default is-cropped wp-block-gallery-2 is-layout-flex wp-block-gallery-is-layout-flex\">\n<figure class=\"wp-block-image size-large\"><img loading=\"lazy\" decoding=\"async\" width=\"1024\" height=\"768\" data-id=\"5765\" src=\"https:\/\/urbanicc.fr\/wp-content\/uploads\/2023\/10\/IMG_3542-1024x768.jpg\" alt=\"\" class=\"wp-image-5765\" srcset=\"https:\/\/urbanicc.fr\/wp-content\/uploads\/2023\/10\/IMG_3542-1024x768.jpg 1024w, https:\/\/urbanicc.fr\/wp-content\/uploads\/2023\/10\/IMG_3542-300x225.jpg 300w, https:\/\/urbanicc.fr\/wp-content\/uploads\/2023\/10\/IMG_3542-768x576.jpg 768w, https:\/\/urbanicc.fr\/wp-content\/uploads\/2023\/10\/IMG_3542-1536x1152.jpg 1536w, https:\/\/urbanicc.fr\/wp-content\/uploads\/2023\/10\/IMG_3542.jpg 2016w\" sizes=\"auto, (max-width: 1024px) 100vw, 1024px\" \/><\/figure>\n\n\n\n<figure class=\"wp-block-image size-large\"><img loading=\"lazy\" decoding=\"async\" width=\"1024\" height=\"768\" data-id=\"5764\" src=\"https:\/\/urbanicc.fr\/wp-content\/uploads\/2023\/10\/IMG_3544-1024x768.jpg\" alt=\"\" class=\"wp-image-5764\" srcset=\"https:\/\/urbanicc.fr\/wp-content\/uploads\/2023\/10\/IMG_3544-1024x768.jpg 1024w, https:\/\/urbanicc.fr\/wp-content\/uploads\/2023\/10\/IMG_3544-300x225.jpg 300w, https:\/\/urbanicc.fr\/wp-content\/uploads\/2023\/10\/IMG_3544-768x576.jpg 768w, https:\/\/urbanicc.fr\/wp-content\/uploads\/2023\/10\/IMG_3544-1536x1152.jpg 1536w, https:\/\/urbanicc.fr\/wp-content\/uploads\/2023\/10\/IMG_3544.jpg 2016w\" sizes=\"auto, (max-width: 1024px) 100vw, 1024px\" \/><\/figure>\n\n\n\n<figure class=\"wp-block-image size-large\"><img loading=\"lazy\" decoding=\"async\" width=\"1024\" height=\"768\" data-id=\"5762\" src=\"https:\/\/urbanicc.fr\/wp-content\/uploads\/2023\/10\/IMG_3546-1024x768.jpg\" alt=\"\" class=\"wp-image-5762\" srcset=\"https:\/\/urbanicc.fr\/wp-content\/uploads\/2023\/10\/IMG_3546-1024x768.jpg 1024w, https:\/\/urbanicc.fr\/wp-content\/uploads\/2023\/10\/IMG_3546-300x225.jpg 300w, https:\/\/urbanicc.fr\/wp-content\/uploads\/2023\/10\/IMG_3546-768x576.jpg 768w, https:\/\/urbanicc.fr\/wp-content\/uploads\/2023\/10\/IMG_3546-1536x1152.jpg 1536w, https:\/\/urbanicc.fr\/wp-content\/uploads\/2023\/10\/IMG_3546.jpg 2016w\" sizes=\"auto, (max-width: 1024px) 100vw, 1024px\" \/><\/figure>\n<\/figure>\n\n\n\n<div style=\"height:100px\" aria-hidden=\"true\" class=\"wp-block-spacer\"><\/div>\n\n\n\n<h2 class=\"wp-block-heading\"><s>Perspectives d\u2019\u00e9volution&nbsp;: vers un ancrage stabilis\u00e9 dans le territoire d\u2019Ivry Port&nbsp;?<\/s><\/h2>\n\n\n\n<p>La Pagaille est ancr\u00e9e dans Ivry-Port mais rayonne, au-del\u00e0, dans la ville comme lieu \u00e0 fort impact environnemental, social et culturel. Ce sont jusqu\u2019\u00e0 2000 personnes&nbsp; qui passent \u00e0 la Pagaille ou sur ses activit\u00e9s hors les murs par semaine.<\/p>\n\n\n\n<p>Elle a ouvert un nouveau lieu \u00e0 Vitry o\u00f9 la ville leur a mis \u00e0 disposition un local de 300 m\u00b2&nbsp; pr\u00e8s de la mairie pour un loyer modique. Ce lieu \u00ab La Bidouille&nbsp;\u00bb accueille l\u2019atelier v\u00e9lo de La Pagaille un tanneur en micro-entreprise, et deux associations de s\u00e9rigraphie sur textile et de peintures murales.<\/p>\n\n\n\n<p>Elle envisage d\u2019am\u00e9nager une boutique dans un local de 100 m\u00b2 au sein du centre Jeanne Hachette pour donner plus de visibilit\u00e9 \u00e0 l\u2019entreprise \u00e0 l\u2019\u00e9chelle de la ville (lieu de vente et de sensibilisation ).<\/p>\n\n\n\n<p>L\u2019association cherche maintenant \u00e0 consolider les 3 piliers du projet&nbsp;:<\/p>\n\n\n\n<ul class=\"wp-block-list\">\n<li>Insertion&nbsp;: Il s\u2019agit d\u2019abord de stabiliser la Pagaille en nombre de salari\u00e9s accompagn\u00e9s en am\u00e9liorant la performance des dispositifs d\u2019accompagnement.<\/li>\n<\/ul>\n\n\n\n<ul class=\"wp-block-list\">\n<li>Ecologie&nbsp;: Pour la recyclerie, l\u2019association souhaite tendre vers le z\u00e9ro d\u00e9chet&nbsp;\u00bb \u00ab&nbsp;, ce qui n\u00e9cessit\u00e9 d\u2019avoir une r\u00e9flexion sur la mani\u00e8re de traiter tous les d\u00e9chets qu\u2019ils soient du papier, du plastique, du compost et de s\u2019outiller \u2026Aujourd\u2019hui de nouvelles m\u00e9thodes de traitement&nbsp; \u00e9mergent . L\u2019id\u00e9e \u00e9galement est d\u2019enrichir les partenariats avec les entreprises du quartier en articulant les volets insertion par l\u2019emploi et traitement de leur d\u00e9chets (cartons\u2026).<\/li>\n<\/ul>\n\n\n\n<ul class=\"wp-block-list\">\n<li>&nbsp;Pour le pilier social et animation, l\u2019association veut renforcer son r\u00f4le dans le quartier en obtenant l\u2019agr\u00e9ment de la CAF \u00ab&nbsp; \u00e9tablissement de vie sociale&nbsp;\u00bb de fa\u00e7on \u00e0&nbsp; compl\u00e9ter l\u2019action de la maison de quartier qui touche moins les habitants du Sud d\u2019Ivry Port, trop \u00e9loign\u00e9s g\u00e9ographiquement.<\/li>\n<\/ul>\n\n\n\n<p>Aujourd\u2019hui la pr\u00e9occupation principale de la Pagaille est d\u2019avoir une visibilit\u00e9 sur un sc\u00e9nario d\u2019installation durable dans le cadre du projet urbain de la ZAC. Depuis 7 ans, La Pagaille finance et r\u00e9alise de gros travaux d\u2019am\u00e9nagement afin que le site soit aux normes et adapt\u00e9 \u00e0 l\u2019activit\u00e9 de recyclerie. Ce sont des sommes consid\u00e9rables pour une telle structure, et qui plus est, des sommes investies sans savoir si c\u2019est pour 1 an, 5 ans ou plus et donc sans moyen de jauger les efforts financiers \u00e0 faire. Pour le relogement, 2000 m2 sont n\u00e9cessaires avec des contraintes particuli\u00e8res compte tenu des flux de mat\u00e9riaux, de v\u00e9hicules, de la n\u00e9cessit\u00e9 d\u2019am\u00e9nager divers ateliers, d\u2019accueillir le public \u2026 une activit\u00e9 difficilement compatible avec la vocation r\u00e9sidentielle au sein d\u2019un b\u00e2timent. Le mod\u00e8le \u00e9conomique particulier de type ESS constitue \u00e9galement une difficult\u00e9.<\/p>\n\n\n\n<p>Cette incertitude est un frein au d\u00e9veloppement du projet. Les habitants tr\u00e8s attach\u00e9s aux services qu\u2019offre cette structure, unique \u00e0 Ivry, sont \u00e9galement impatients de conna\u00eetre la solution qui sera mobilis\u00e9 pour \u00e9viter un d\u00e9part du territoire ou une fermeture.<\/p>\n\n\n\n<div style=\"height:100px\" aria-hidden=\"true\" class=\"wp-block-spacer\"><\/div>\n\n\n\n<h2 class=\"wp-block-heading\"><s>En guise de Conclusion<\/s><\/h2>\n\n\n\n<p class=\"has-medium-font-size\"><em><strong><s>\u00ab&nbsp;Des projets, comme le n\u00f4tre, r\u00e9pondant \u00e0 des objectifs d\u2019int\u00e9r\u00eat g\u00e9n\u00e9ral devrait pouvoir b\u00e9n\u00e9ficier d\u2019un suivi par un r\u00e9f\u00e9rent unique au sein de la collectivit\u00e9 locale. Il accompagnerait leur d\u00e9veloppement, et serait une sorte d\u2019interface avec tous les acteurs concern\u00e9s, qui sont souvent tr\u00e8s nombreux&nbsp;\u00bb.&nbsp;<\/s><\/strong><\/em><\/p>\n\n\n\n<div style=\"height:100px\" aria-hidden=\"true\" class=\"wp-block-spacer\"><\/div>\n\n\n\n<div style=\"height:100px\" aria-hidden=\"true\" class=\"wp-block-spacer\"><\/div>\n","protected":false},"excerpt":{"rendered":"<p>De nombreux Ivryens fr\u00e9quentent la Pagaille et l\u2019ont int\u00e9gr\u00e9e dans leurs pratiques \u00e9cologiques et solidaires. Aussi est-il int\u00e9ressant d\u2019en mieux conna\u00eetre le fonctionnement. Ga\u00ebtan Lecompte, directeur et Virginia Santilli, responsable financi\u00e8re ont expos\u00e9 \u00e0 Urbanicc leurs objectifs, les phases de mise en \u0153uvre de ce projet et ses d\u00e9veloppements. La&#46;&#46;&#46;<\/p>\n","protected":false},"author":10,"featured_media":5759,"parent":0,"menu_order":0,"comment_status":"closed","ping_status":"closed","template":"","meta":{"_exactmetrics_skip_tracking":false,"_exactmetrics_sitenote_active":false,"_exactmetrics_sitenote_note":"","_exactmetrics_sitenote_category":0,"ngg_post_thumbnail":0,"footnotes":""},"class_list":["post-5757","page","type-page","status-publish","has-post-thumbnail","hentry"],"_links":{"self":[{"href":"https:\/\/urbanicc.fr\/index.php\/wp-json\/wp\/v2\/pages\/5757","targetHints":{"allow":["GET"]}}],"collection":[{"href":"https:\/\/urbanicc.fr\/index.php\/wp-json\/wp\/v2\/pages"}],"about":[{"href":"https:\/\/urbanicc.fr\/index.php\/wp-json\/wp\/v2\/types\/page"}],"author":[{"embeddable":true,"href":"https:\/\/urbanicc.fr\/index.php\/wp-json\/wp\/v2\/users\/10"}],"replies":[{"embeddable":true,"href":"https:\/\/urbanicc.fr\/index.php\/wp-json\/wp\/v2\/comments?post=5757"}],"version-history":[{"count":5,"href":"https:\/\/urbanicc.fr\/index.php\/wp-json\/wp\/v2\/pages\/5757\/revisions"}],"predecessor-version":[{"id":5778,"href":"https:\/\/urbanicc.fr\/index.php\/wp-json\/wp\/v2\/pages\/5757\/revisions\/5778"}],"wp:featuredmedia":[{"embeddable":true,"href":"https:\/\/urbanicc.fr\/index.php\/wp-json\/wp\/v2\/media\/5759"}],"wp:attachment":[{"href":"https:\/\/urbanicc.fr\/index.php\/wp-json\/wp\/v2\/media?parent=5757"}],"curies":[{"name":"wp","href":"https:\/\/api.w.org\/{rel}","templated":true}]}}