{"id":549,"date":"2018-12-10T15:26:46","date_gmt":"2018-12-10T14:26:46","guid":{"rendered":"https:\/\/urbanicc.fr\/?page_id=549"},"modified":"2018-12-21T22:55:26","modified_gmt":"2018-12-21T21:55:26","slug":"developpement-des-lots-et-des-ilots","status":"publish","type":"page","link":"https:\/\/urbanicc.fr\/index.php\/developpement-des-lots-et-des-ilots\/","title":{"rendered":"D\u00e9veloppement des \u00eelots"},"content":{"rendered":"\n<p>\n\nPour des raisons historiques li\u00e9es au fait que la mission de conception urbaine a \u00e9t\u00e9 initialement confi\u00e9e \u00e0 5 \u00e9quipes men\u00e9es chacune par un architecte-urbaniste, le territoire de la ZAC Ivry Confluences est d\u00e9coup\u00e9 en secteurs&nbsp;:\n\n<\/p>\n\n\n\n<ul class=\"wp-block-list\"><li>secteur 1&nbsp;: abords des voies ferr\u00e9es<\/li><li>secteur 2&nbsp;: \u00ab&nbsp;carr\u00e9 magique&nbsp;\u00bb centr\u00e9 sur la place de l\u2019Insurrection<\/li><li>secteur 3&nbsp;: confluence<\/li><li>secteur 4&nbsp;: sud-est en bord de Seine<\/li><li>secteur 5&nbsp;: sud<\/li><\/ul>\n\n\n\n<figure class=\"wp-block-image\"><img loading=\"lazy\" decoding=\"async\" width=\"1024\" height=\"758\" src=\"https:\/\/urbanicc.fr\/wp-content\/uploads\/2018\/12\/secteurs-1024x758.png\" alt=\"\" class=\"wp-image-936\" srcset=\"https:\/\/urbanicc.fr\/wp-content\/uploads\/2018\/12\/secteurs-1024x758.png 1024w, https:\/\/urbanicc.fr\/wp-content\/uploads\/2018\/12\/secteurs-300x222.png 300w, https:\/\/urbanicc.fr\/wp-content\/uploads\/2018\/12\/secteurs-768x568.png 768w, https:\/\/urbanicc.fr\/wp-content\/uploads\/2018\/12\/secteurs.png 1061w\" sizes=\"auto, (max-width: 1024px) 100vw, 1024px\" \/><\/figure>\n\n\n\n<p>Chaque secteur est d\u00e9coup\u00e9 en \u00eelots con\u00e7us comme des unit\u00e9s urbaines. A ce titre, l\u2019am\u00e9nagement de l\u2019\u00eelot est dot\u00e9 d\u2019une coh\u00e9rence interne tout en garantissant une insertion harmonieuse dans l\u2019espace urbain environnant.<\/p>\n\n\n\n<p>Les \u00eelots sont identifi\u00e9s par le n\u00b0 du secteur suivi d\u2019une lettre (ex.\u00a0: 5G). Leur localisation est fournie par le\u00a0<strong>plan masse<\/strong>\u00a0de la ZAC.<\/p>\n\n\n<div class='w3eden'><!-- WPDM Link Template: Default Template -->\n\n<div class=\"link-template-default card mb-2\">\n    <div class=\"card-body\">\n        <div class=\"media\">\n            <div class=\"mr-3 img-48\"><img decoding=\"async\" class=\"wpdm_icon\" alt=\"Ic\u00f4ne\" src=\"https:\/\/urbanicc.fr\/wp-content\/plugins\/download-manager\/assets\/file-type-icons\/pdf.svg\" \/><\/div>\n            <div class=\"media-body\">\n                <h3 class=\"package-title\"><a href='https:\/\/urbanicc.fr\/index.php\/download\/2017_plan_masse\/'>2017_plan_masse<\/a><\/h3>\n                <div class=\"text-muted text-small\"><i class=\"fas fa-copy\"><\/i> 1 fichier\u00b7s <i class=\"fas fa-hdd ml-3\"><\/i> 2.68 MB<\/div>\n            <\/div>\n            <div class=\"ml-3\">\n                <a class='wpdm-download-link download-on-click btn btn-primary btn-sm' rel='nofollow' href='#' data-downloadurl=\"https:\/\/urbanicc.fr\/index.php\/download\/2017_plan_masse\/?wpdmdl=973&refresh=6a01c34d155671778500429\">T\u00e9l\u00e9charger<\/a>\n            <\/div>\n        <\/div>\n    <\/div>\n<\/div>\n\n<\/div>\n\n\n\n<div style=\"height:20px\" aria-hidden=\"true\" class=\"wp-block-spacer\"><\/div>\n\n\n\n<p>Les citoyens doivent pouvoir intervenir \u00e0 plusieurs moments du d\u00e9veloppement des \u00eelots : en phase des \u00e9tudes urbaines pr\u00e9-op\u00e9rationnelles (faisabilit\u00e9 urbaine, fiche de lot), au moment de la commercialisation par SADEV94 (projet de la ma\u00eetrise d\u2019\u0153uvre menant \u00e0 la demande de permis de construire), suivi en cours de r\u00e9alisation (contr\u00f4le des demandes de permis de construire modificatif), \u00e9valuation de la qualit\u00e9 post-livraison.<\/p>\n\n\n\n<p><strong>Un travail de co-conception de l\u2019\u00eelot 5G (square Prudhon et extension du b\u00e2ti) est en cours.<\/strong><\/p>\n","protected":false},"excerpt":{"rendered":"<p>Pour des raisons historiques li\u00e9es au fait que la mission de conception urbaine a \u00e9t\u00e9 initialement confi\u00e9e \u00e0 5 \u00e9quipes men\u00e9es chacune par un architecte-urbaniste, le territoire de la ZAC Ivry Confluences est d\u00e9coup\u00e9 en secteurs&nbsp;: secteur 1&nbsp;: abords des voies ferr\u00e9es secteur 2&nbsp;: \u00ab&nbsp;carr\u00e9 magique&nbsp;\u00bb centr\u00e9 sur la place&#46;&#46;&#46;<\/p>\n","protected":false},"author":1,"featured_media":0,"parent":0,"menu_order":0,"comment_status":"closed","ping_status":"closed","template":"","meta":{"_exactmetrics_skip_tracking":false,"_exactmetrics_sitenote_active":false,"_exactmetrics_sitenote_note":"","_exactmetrics_sitenote_category":0,"ngg_post_thumbnail":0,"footnotes":""},"class_list":["post-549","page","type-page","status-publish","hentry"],"_links":{"self":[{"href":"https:\/\/urbanicc.fr\/index.php\/wp-json\/wp\/v2\/pages\/549","targetHints":{"allow":["GET"]}}],"collection":[{"href":"https:\/\/urbanicc.fr\/index.php\/wp-json\/wp\/v2\/pages"}],"about":[{"href":"https:\/\/urbanicc.fr\/index.php\/wp-json\/wp\/v2\/types\/page"}],"author":[{"embeddable":true,"href":"https:\/\/urbanicc.fr\/index.php\/wp-json\/wp\/v2\/users\/1"}],"replies":[{"embeddable":true,"href":"https:\/\/urbanicc.fr\/index.php\/wp-json\/wp\/v2\/comments?post=549"}],"version-history":[{"count":0,"href":"https:\/\/urbanicc.fr\/index.php\/wp-json\/wp\/v2\/pages\/549\/revisions"}],"wp:attachment":[{"href":"https:\/\/urbanicc.fr\/index.php\/wp-json\/wp\/v2\/media?parent=549"}],"curies":[{"name":"wp","href":"https:\/\/api.w.org\/{rel}","templated":true}]}}