{"id":494,"date":"2018-12-06T14:25:08","date_gmt":"2018-12-06T13:25:08","guid":{"rendered":"https:\/\/urbanicc.fr\/?page_id=494"},"modified":"2018-12-21T00:00:12","modified_gmt":"2018-12-20T23:00:12","slug":"outils","status":"publish","type":"page","link":"https:\/\/urbanicc.fr\/index.php\/outils\/","title":{"rendered":"Outils de pilotage"},"content":{"rendered":"\n<p>Nous avons r\u00e9alis\u00e9 un\u00a0<strong><a href=\"https:\/\/urbanicc.fr\/index.php\/tableau-de-bord\/\">tableau de bord<\/a><\/strong>\u00a0pour le suivi de l\u2019op\u00e9ration Ivry Confluences fournissant une vue simple et accessible \u00e0 tous de son \u00e9tat d\u2019avancement sous la forme de tableaux et graphiques de synth\u00e8se (surfaces et budget).<\/p>\n\n\n\n<p>Ce tableau de bord s\u2019appuie sur une liste des \u00eelots de la ZAC Ivry Confluences et de leurs caract\u00e9ristiques (surfaces programm\u00e9es ou r\u00e9alis\u00e9es par type d\u2019usage, calendrier du projet de r\u00e9alisation\u2026) qui sert \u00e9galement de base \u00e0 la&nbsp;<strong><a href=\"https:\/\/urbanicc.fr\/index.php\/carte-interactive\/\">carte interactive<\/a><\/strong>&nbsp;de la ZAC.<\/p>\n","protected":false},"excerpt":{"rendered":"<p>Nous avons r\u00e9alis\u00e9 un\u00a0tableau de bord\u00a0pour le suivi de l\u2019op\u00e9ration Ivry Confluences fournissant une vue simple et accessible \u00e0 tous de son \u00e9tat d\u2019avancement sous la forme de tableaux et graphiques de synth\u00e8se (surfaces et budget). Ce tableau de bord s\u2019appuie sur une liste des \u00eelots de la ZAC Ivry&#46;&#46;&#46;<\/p>\n","protected":false},"author":1,"featured_media":0,"parent":0,"menu_order":0,"comment_status":"closed","ping_status":"closed","template":"","meta":{"_exactmetrics_skip_tracking":false,"_exactmetrics_sitenote_active":false,"_exactmetrics_sitenote_note":"","_exactmetrics_sitenote_category":0,"ngg_post_thumbnail":0,"footnotes":""},"class_list":["post-494","page","type-page","status-publish","hentry"],"_links":{"self":[{"href":"https:\/\/urbanicc.fr\/index.php\/wp-json\/wp\/v2\/pages\/494","targetHints":{"allow":["GET"]}}],"collection":[{"href":"https:\/\/urbanicc.fr\/index.php\/wp-json\/wp\/v2\/pages"}],"about":[{"href":"https:\/\/urbanicc.fr\/index.php\/wp-json\/wp\/v2\/types\/page"}],"author":[{"embeddable":true,"href":"https:\/\/urbanicc.fr\/index.php\/wp-json\/wp\/v2\/users\/1"}],"replies":[{"embeddable":true,"href":"https:\/\/urbanicc.fr\/index.php\/wp-json\/wp\/v2\/comments?post=494"}],"version-history":[{"count":0,"href":"https:\/\/urbanicc.fr\/index.php\/wp-json\/wp\/v2\/pages\/494\/revisions"}],"wp:attachment":[{"href":"https:\/\/urbanicc.fr\/index.php\/wp-json\/wp\/v2\/media?parent=494"}],"curies":[{"name":"wp","href":"https:\/\/api.w.org\/{rel}","templated":true}]}}