{"id":25,"date":"2018-11-09T10:25:04","date_gmt":"2018-11-09T09:25:04","guid":{"rendered":"http:\/\/ivry.brisbois.fr\/?page_id=25"},"modified":"2025-02-25T22:06:15","modified_gmt":"2025-02-25T21:06:15","slug":"carte-interactive","status":"publish","type":"page","link":"https:\/\/urbanicc.fr\/index.php\/carte-interactive\/","title":{"rendered":"Carte interactive Urbanicc de la ZAC Ivry Confluences"},"content":{"rendered":"\n<h3 class=\"wp-block-heading\"><s>Rendre le projet urbain et ses enjeux <strong>compr\u00e9hensibles <\/strong>par tous, en favorisant une mise \u00e0 disposition <strong>claire <\/strong>et <strong>accessible <\/strong>de l&rsquo;information.<\/s><\/h3>\n\n\n\n<div style=\"height:40px\" aria-hidden=\"true\" class=\"wp-block-spacer\"><\/div>\n\n\n\n<div class=\"wp-block-columns is-layout-flex wp-container-core-columns-is-layout-9d6595d7 wp-block-columns-is-layout-flex\">\n<div class=\"wp-block-column is-layout-flow wp-block-column-is-layout-flow\">\n<p class=\"has-medium-font-size\"><del><strong>L&rsquo;ensemble des projets de la ZAC Ivry Confluences en un coup d&rsquo;\u0153il<\/strong><\/del>.<\/p>\n\n\n\n<p>Parce qu&rsquo;il n&rsquo;est pas simple, pour les habitants, de comprendre l&rsquo;\u00e9volution de la ZAC Ivry Confluences dans sa globalit\u00e9, <s><strong>urbanicc <\/strong>a d\u00e9velopp\u00e9 cet outil pour permettre \u00e0 chacun de suivre facilement les projets, et ainsi combler le manque d&rsquo;informations mises \u00e0 disposition par la ville d&rsquo;Ivry-sur-Seine et par l&rsquo;am\u00e9nageur SADEV 94<\/s>.<\/p>\n\n\n\n<div style=\"height:20px\" aria-hidden=\"true\" class=\"wp-block-spacer\"><\/div>\n<\/div>\n\n\n\n<div class=\"wp-block-column is-layout-flow wp-block-column-is-layout-flow\">\n<p class=\"urbanicc_carte_historique\"><strong>Historique des mises \u00e0 jour<\/strong> :<br>&#8211; 09\/02\/2025 : mise \u00e0 jour <strong>Quais d&rsquo;Ivry<\/strong><br>&#8211; 07\/02\/2025 : am\u00e9lioration du moteur de visualisation afin d&rsquo;afficher la programmation (logement, activit\u00e9 \u00e9conomique, \u00e9quipement&#8230;) par \u00e9tage d&rsquo;un b\u00e2timent, et non plus juste \u00e0 la maille du projet<br>&#8211; 15\/12\/2024 : mise \u00e0 jour <strong>Prudhon 1\/2\/3<\/strong>, <strong>Volta<\/strong>, <strong>Vulcain <\/strong>et <strong>Jaur\u00e8s (5C4)<\/strong><br>&#8211; 15\/11\/2024 : mise \u00e0 jour <strong>Halle Mazet<\/strong> et <strong>Abattoir 5<\/strong><br>&#8211; 30\/08\/2024 : mise \u00e0 jour de <strong>Quais d&rsquo;Ivry<\/strong> (plan v3)<br>&#8211; 20\/05\/2024 : mises \u00e0 jour de <strong>Avenir 1<\/strong>, <strong>Avenir 2<\/strong>, <strong>Avenir 3<\/strong>, <strong>Gambetta 4<\/strong>, <strong>Quais d&rsquo;Ivry<\/strong> (plan v2), <strong>SAGEP 1<\/strong>, <strong>Abattoir 5<\/strong><br>&#8211; 02\/11\/2023 : ajout des espaces publics <strong>Venelle Galil\u00e9e<\/strong>, <strong>Place Galil\u00e9e<\/strong>, <strong>C\u0153ur BHV<\/strong>, <strong>Jardins Marsha P. Johnson<\/strong> et <strong>Plaine Gambetta<\/strong><br>&#8211; 21\/12\/2022 : ajout <strong>Gambetta 4 et 3D<\/strong> (sur BHV), ajout des niveaux sur les b\u00e2timents<br>&#8211; 01\/12\/2022 : ajout de l&rsquo;ensemble des projets pr\u00e9vus<br>&#8211; 22\/11\/2022 : projet <strong>Quais d&rsquo;Ivry<\/strong><br>&#8211; 20\/11\/2022 : mosqu\u00e9e <strong>Annour v2<\/strong><br>&#8211; 23\/05\/2022 : correction bug d&rsquo;affichage avec Safari 15 sur iPhone<br>&#8211; 05\/01\/2022 : ajout des <strong>pistes cyclables<\/strong><br>&#8211; 09\/12\/2021 : projet <strong>1A<\/strong> (CDC), BHV : <strong>3B1, 3B2, 3C1 et 3C2<\/strong><br>&#8211; 30\/09\/2021 : projet <strong>4E<\/strong><br>&#8211; 26\/06\/2021 : affichage du nombre d&rsquo;\u00e9tages<br>&#8211; 15\/06\/2021 : ajout de la <strong>ZAC Gagarine Truillot<\/strong> et du <strong>futur incin\u00e9rateur<\/strong><br>&#8211; 01\/06\/2021 : nouvelle version majeure du moteur d&rsquo;affichage, avec affichage des volumes des b\u00e2timents<br>&#8211; 01\/06\/2021 : nouvelle version du parc des Confluences et des b\u00e2timents qui y seront implant\u00e9s, <strong>ivrynage BHV<\/strong><br>&#8211; 24\/12\/2020 : <strong>city stade<\/strong><br>&#8211; 23\/12\/2020 : suppression des projets abandonn\u00e9s<br>&#8211; 16\/09\/2020 : projet <strong>Saint Rapha\u00ebl<\/strong><br>&#8211; 03\/12\/2019 : projet <strong>Yuri <\/strong>[4C2]<br>&#8211; 10\/10\/2019 : affichage par cat\u00e9gorie de logements (accession, social ou autre)<br><\/p>\n<\/div>\n<\/div>\n\n\n<p> <\/p>\n\n\n\n<p>Pour afficher les d\u00e9tails des op\u00e9rations, <strong>cliquez sur les zones et b\u00e2timents color\u00e9s<\/strong>. Les b\u00e2timents en blanc sont existants et ont \u00e9t\u00e9 construits avant le d\u00e9marrage de la Zac. Les b\u00e2timents transparents ne sont pas encore r\u00e9alis\u00e9s.<\/p>\n\n\n\n<div style=\"height:100px\" aria-hidden=\"true\" class=\"wp-block-spacer\"><\/div>\n\n\n\n<p><strong>Carte non officielle et ind\u00e9pendante. Cet outil est maintenu par l\u2019association urbanicc<\/strong>. <s>Les informations proviennent de sources diverses et leur exactitude n\u2019est pas garantie.<\/s><\/p>\n\n\n\n<p>Cette carte prend en compte les \u00e9volutions propos\u00e9es par la nouvelle \u00e9quipe d&rsquo;urbanisme (uapS, ACLAA, Base, Zefco, What Time is I.T.) en charge de la ZAC, depuis juillet 2019.<\/p>\n\n\n\n<p>Vous pouvez participer en proposant des donn\u00e9es \u00e0 rajouter ou \u00e0 corriger : <a href=\"https:\/\/urbanicc.fr\/index.php\/contact\/\">formulaire<\/a><\/p>\n\n\n\n<div style=\"height:59px\" aria-hidden=\"true\" class=\"wp-block-spacer\"><\/div>\n\n\n\n<p class=\"has-text-align-left\">Egalement int\u00e9ressant \u00e0 consulter : le plus r\u00e9cent plan masse de la ZAC, propos\u00e9 par la ville <div class='w3eden'><!-- WPDM Link Template: Default Template -->\n\n<div class=\"link-template-default card mb-2\">\n    <div class=\"card-body\">\n        <div class=\"media\">\n            <div class=\"mr-3 img-48\"><img decoding=\"async\" class=\"wpdm_icon\" alt=\"Ic\u00f4ne\" src=\"https:\/\/urbanicc.fr\/wp-content\/plugins\/download-manager\/assets\/file-type-icons\/pdf.svg\" \/><\/div>\n            <div class=\"media-body\">\n                <h3 class=\"package-title\"><a href='https:\/\/urbanicc.fr\/index.php\/download\/2017_plan_masse\/'>2017_plan_masse<\/a><\/h3>\n                <div class=\"text-muted text-small\"><i class=\"fas fa-copy\"><\/i> 1 fichier\u00b7s <i class=\"fas fa-hdd ml-3\"><\/i> 2.68 MB<\/div>\n            <\/div>\n            <div class=\"ml-3\">\n                <a class='wpdm-download-link download-on-click btn btn-primary btn-sm' rel='nofollow' href='#' data-downloadurl=\"https:\/\/urbanicc.fr\/index.php\/download\/2017_plan_masse\/?wpdmdl=973&refresh=69db798fbc2f01775991183\">T\u00e9l\u00e9charger<\/a>\n            <\/div>\n        <\/div>\n    <\/div>\n<\/div>\n\n<\/div><\/p>\n\n\n\n<div style=\"height:100px\" aria-hidden=\"true\" class=\"wp-block-spacer\"><\/div>\n\n\n\n<p class=\"has-medium-font-size\">Capacit\u00e9s utilis\u00e9es pour la carte : <a href=\"https:\/\/www.openstreetmap.org\/#map=6\/46.449\/2.210\" target=\"_blank\" rel=\"noreferrer noopener\">OpenStreetMap<\/a> &#8211; <a href=\"https:\/\/www.maptiler.com\/\" target=\"_blank\" rel=\"noreferrer noopener\"><strong>map<\/strong>tiler<\/a> &#8211; <a href=\"https:\/\/deck.gl\/\" target=\"_blank\" rel=\"noreferrer noopener\">deck.gl<\/a><\/p>\n\n\n\n<div style=\"height:100px\" aria-hidden=\"true\" class=\"wp-block-spacer\"><\/div>\n\n\n\n<div style=\"height:100px\" aria-hidden=\"true\" class=\"wp-block-spacer\"><\/div>\n","protected":false},"excerpt":{"rendered":"<p>Rendre le projet urbain et ses enjeux compr\u00e9hensibles par tous, en favorisant une mise \u00e0 disposition claire et accessible de l&rsquo;information. L&rsquo;ensemble des projets de la ZAC Ivry Confluences en un coup d&rsquo;\u0153il. Parce qu&rsquo;il n&rsquo;est pas simple, pour les habitants, de comprendre l&rsquo;\u00e9volution de la ZAC Ivry Confluences dans&#46;&#46;&#46;<\/p>\n","protected":false},"author":1,"featured_media":6000,"parent":0,"menu_order":0,"comment_status":"closed","ping_status":"closed","template":"","meta":{"_exactmetrics_skip_tracking":false,"_exactmetrics_sitenote_active":false,"_exactmetrics_sitenote_note":"","_exactmetrics_sitenote_category":0,"ngg_post_thumbnail":0,"footnotes":""},"class_list":["post-25","page","type-page","status-publish","has-post-thumbnail","hentry"],"_links":{"self":[{"href":"https:\/\/urbanicc.fr\/index.php\/wp-json\/wp\/v2\/pages\/25","targetHints":{"allow":["GET"]}}],"collection":[{"href":"https:\/\/urbanicc.fr\/index.php\/wp-json\/wp\/v2\/pages"}],"about":[{"href":"https:\/\/urbanicc.fr\/index.php\/wp-json\/wp\/v2\/types\/page"}],"author":[{"embeddable":true,"href":"https:\/\/urbanicc.fr\/index.php\/wp-json\/wp\/v2\/users\/1"}],"replies":[{"embeddable":true,"href":"https:\/\/urbanicc.fr\/index.php\/wp-json\/wp\/v2\/comments?post=25"}],"version-history":[{"count":73,"href":"https:\/\/urbanicc.fr\/index.php\/wp-json\/wp\/v2\/pages\/25\/revisions"}],"predecessor-version":[{"id":6865,"href":"https:\/\/urbanicc.fr\/index.php\/wp-json\/wp\/v2\/pages\/25\/revisions\/6865"}],"wp:featuredmedia":[{"embeddable":true,"href":"https:\/\/urbanicc.fr\/index.php\/wp-json\/wp\/v2\/media\/6000"}],"wp:attachment":[{"href":"https:\/\/urbanicc.fr\/index.php\/wp-json\/wp\/v2\/media?parent=25"}],"curies":[{"name":"wp","href":"https:\/\/api.w.org\/{rel}","templated":true}]}}