{"id":1668,"date":"2019-06-12T00:14:16","date_gmt":"2019-06-11T22:14:16","guid":{"rendered":"https:\/\/urbanicc.fr\/?page_id=1668"},"modified":"2019-06-24T14:12:18","modified_gmt":"2019-06-24T12:12:18","slug":"micro-quartier-couronne-gambetta","status":"publish","type":"page","link":"https:\/\/urbanicc.fr\/index.php\/micro-quartier-couronne-gambetta\/","title":{"rendered":"Micro-quartier Couronne Gambetta"},"content":{"rendered":"\n<p><strong>L&rsquo;analyse des habitants<\/strong><\/p>\n\n\n\n<p>version 1 &#8211; 17 juin 2019<\/p>\n\n\n\n<p style=\"background-color:#ffe000\" class=\"has-background\">Cette note a \u00e9t\u00e9 \u00e9labor\u00e9e par un groupe de travail compos\u00e9 de membres des&nbsp;<strong>collectifs URBANICC et LAPIC<\/strong>,&nbsp;<strong>ainsi que d\u2019habitants<\/strong>&nbsp;rencontr\u00e9s lors des balades organis\u00e9es dans le cadre de ce travail, en juin 2019. <\/p>\n\n\n\n<p>A d\u00e9faut de d\u00e9finir les contours du micro-quartier, nous pourrions au moins admettre qu\u2019il y a l\u00e0 un ensemble form\u00e9 des lots 4B1, 4B2 et 4A1.<\/p>\n\n\n\n<p>Le boulevard du Colonel Fabien s\u2019impose comme une limite, mais plus encore le futur cours de l\u2019Industrie, alors que l\u2019avenue Jean Jaur\u00e8s est dans ce secteur cr\u00e9atrice de vis-\u00e0-vis \u2014 lot 4B1 et lot 5C3 se faisant face.<\/p>\n\n\n\n<h2 class=\"wp-block-heading\"><s>Un \u00eelot tertiaire<\/s><\/h2>\n\n\n\n<p>Le lot 4B1 fait partie d\u2019un ensemble d\u2019immeubles de bureaux qui inclut 4B2 et 4A1, voire 4C2. Puisque 4B1 est un programme de 9.000 m2 de bureaux, on peut consid\u00e9rer que l\u2019ensemble est autour de 30.000 m2. C\u2019est autant que 1B. 1B, aussi bien que 3B sur l\u2019ex-terrain du BHV, sont des projets tertiaires conventionnels.<\/p>\n\n\n\n<p>Pour cette raison, nous pensons qu\u2019il serait bon de traiter l\u2019ensemble 4B1-4B2-4A1 comme le recommande le plan guide en page 195 : \u201cOutre le tertiaire classique, d\u2019autres programmes tertiaires plus innovants et n\u00e9cessitant des montages sp\u00e9cifiques et parfois un portage public peuvent en parall\u00e8le \u00eatre envisag\u00e9s sur ce secteur : programme d\u00e9di\u00e9 \u00e0 une fili\u00e8re \u00e9conomique (incubateur, p\u00e9pini\u00e8re, h\u00f4tel d\u2019entreprises,\u2026);programme de formation; tiers lieux ou espaces de coworking.\u201c Ce n\u2019est pas \u00e0 prendre \u00e0 la lettre, mais on voit assez bien le chemin qu\u2019indiquent les concepteurs du plan guide.<\/p>\n\n\n\n<h2 class=\"wp-block-heading\"><s>Fiche de lot 4B1<\/s><\/h2>\n\n\n\n<p>Le jeu des volumes sur les lots voisins 4B1, 4B2, 4A1 peine \u00e0 trouver une r\u00e8gle commune de composition alors qu\u2019ils sont en interd\u00e9pendance : sym\u00e9trie grand si\u00e8cle du lot 4A1, formes biaises du lot 4B1, disparate des trois volumes du lot 4B2.<\/p>\n\n\n\n<p>L\u2019\u00e9pannelage, quant \u00e0 lui, pourrait \u00eatre plus rythm\u00e9 que la r\u00e9p\u00e9tition des m\u00eames R+5 et R+7.<\/p>\n\n\n\n<p>Telles qu\u2019on les voit en plan, les contours des implantations sur le lot 4B1 semblent inutilement compliqu\u00e9s. Mais en v\u00e9rit\u00e9, apr\u00e8s ce que nous avons dit d\u2019une nouvelle orientation \u00e9conomique, qui ne manquerait pas d\u2019entra\u00eener une recomposition des formes construites et de l\u2019ensemble des espaces, publics et priv\u00e9s, il nous semble qu\u2019il faudrait saisir l\u2019occasion qui se pr\u00e9sente de r\u00e9fl\u00e9chir \u00e0 des orientations plus novatrices.<\/p>\n\n\n\n<div style=\"height:20px\" aria-hidden=\"true\" class=\"wp-block-spacer\"><\/div>\n\n\n\n<figure class=\"wp-block-image\"><img loading=\"lazy\" decoding=\"async\" width=\"873\" height=\"735\" src=\"https:\/\/urbanicc.fr\/wp-content\/uploads\/2019\/06\/20190130-Fiche-de-lot-4B1_SADEV_4.jpg\" alt=\"\" class=\"wp-image-1676\" srcset=\"https:\/\/urbanicc.fr\/wp-content\/uploads\/2019\/06\/20190130-Fiche-de-lot-4B1_SADEV_4.jpg 873w, https:\/\/urbanicc.fr\/wp-content\/uploads\/2019\/06\/20190130-Fiche-de-lot-4B1_SADEV_4-300x253.jpg 300w, https:\/\/urbanicc.fr\/wp-content\/uploads\/2019\/06\/20190130-Fiche-de-lot-4B1_SADEV_4-768x647.jpg 768w\" sizes=\"auto, (max-width: 873px) 100vw, 873px\" \/><\/figure>\n\n\n\n<div style=\"height:24px\" aria-hidden=\"true\" class=\"wp-block-spacer\"><\/div>\n\n\n\n<h2 class=\"wp-block-heading\"><s>Questions &amp; remarques<\/s><\/h2>\n\n\n\n<ul class=\"wp-block-list\"><li>Pertinence ou non de construire des \u00celots de bureaux (4B1, 4B2 et 4A1) dans un contexte \u00e9conomique difficile (difficult\u00e9 de commercialisation de l\u2019\u00eelot sur l&rsquo;ex terrain du BHV) &#8211; Proximit\u00e9 du futur Tzen 5 ?<\/li><li>Absence notable de commerces en pieds des futurs immeubles alors qu&rsquo;il y la pr\u00e9sence de la place Gambetta et qu&rsquo;il y a peu de commerces de qualit\u00e9 Avenue Jean Jaur\u00e8s. Sujet \u00e0 aborder lors de l\u2019atelier du Jeudi du 27 Juin prochain. Organisation d\u2019une r\u00e9union sp\u00e9cifique sur le sujet afin d\u2019\u00e9tudier avec les acteurs le plan de r\u00e9partition des commerces sur cette ZAC (commerces diffus ou cr\u00e9ation de zones d\u00e9di\u00e9s)<\/li><li>Echelle et densit\u00e9 des ilots (4B1, 4B2 et 4A1) \u00e0 \u00e9tudier en rapport \u00e0 l\u2019\u00eelot 5C3 (r\u00e9sidentiel) situ\u00e9 en face. 4.<\/li><li>L&rsquo;all\u00e9e centrale (mini trame verte) pr\u00e9sente au coeur de l\u2019\u00eelot 4B1 sera t&rsquo;elle accessible au public (notion d\u2019ilot ouvert et ferm\u00e9) ?<\/li><\/ul>\n\n\n\n<div style=\"height:100px\" aria-hidden=\"true\" class=\"wp-block-spacer\"><\/div>\n\n\n\n<p><strong>Fiches de lot :<\/strong><\/p>\n\n\n\n<p>Lot 4B1 :<\/p>\n\n\n<div class='w3eden'><!-- WPDM Link Template: Default Template -->\n\n<div class=\"link-template-default card mb-2\">\n    <div class=\"card-body\">\n        <div class=\"media\">\n            <div class=\"mr-3 img-48\"><img decoding=\"async\" class=\"wpdm_icon\" alt=\"Ic\u00f4ne\" src=\"https:\/\/urbanicc.fr\/wp-content\/plugins\/download-manager\/assets\/file-type-icons\/pdf.svg\" \/><\/div>\n            <div class=\"media-body\">\n                <h3 class=\"package-title\"><a href='https:\/\/urbanicc.fr\/index.php\/download\/4b1-fiche-de-lot\/'>4B1 \u2013 fiche de lot<\/a><\/h3>\n                <div class=\"text-muted text-small\"><i class=\"fas fa-copy\"><\/i> 1 fichier\u00b7s <i class=\"fas fa-hdd ml-3\"><\/i> 27.80 MB<\/div>\n            <\/div>\n            <div class=\"ml-3\">\n                <a class='wpdm-download-link download-on-click btn btn-primary btn-sm' rel='nofollow' href='#' data-downloadurl=\"https:\/\/urbanicc.fr\/index.php\/download\/4b1-fiche-de-lot\/?wpdmdl=1669&refresh=6a01c38c3fccc1778500492\">T\u00e9l\u00e9charger<\/a>\n            <\/div>\n        <\/div>\n    <\/div>\n<\/div>\n\n<\/div>\n\n\n\n<p>Lot 4C2 :<\/p>\n\n\n<div class='w3eden'><!-- WPDM Link Template: Default Template -->\n\n<div class=\"link-template-default card mb-2\">\n    <div class=\"card-body\">\n        <div class=\"media\">\n            <div class=\"mr-3 img-48\"><img decoding=\"async\" class=\"wpdm_icon\" alt=\"Ic\u00f4ne\" src=\"https:\/\/urbanicc.fr\/wp-content\/plugins\/download-manager\/assets\/file-type-icons\/pdf.svg\" \/><\/div>\n            <div class=\"media-body\">\n                <h3 class=\"package-title\"><a href='https:\/\/urbanicc.fr\/index.php\/download\/4c2-fiche-de-lot\/'>4C2 \u2013 fiche de lot<\/a><\/h3>\n                <div class=\"text-muted text-small\"><i class=\"fas fa-copy\"><\/i> 1 fichier\u00b7s <i class=\"fas fa-hdd ml-3\"><\/i> 19.74 MB<\/div>\n            <\/div>\n            <div class=\"ml-3\">\n                <a class='wpdm-download-link download-on-click btn btn-primary btn-sm' rel='nofollow' href='#' data-downloadurl=\"https:\/\/urbanicc.fr\/index.php\/download\/4c2-fiche-de-lot\/?wpdmdl=1671&refresh=6a01c38c440941778500492\">T\u00e9l\u00e9charger<\/a>\n            <\/div>\n        <\/div>\n    <\/div>\n<\/div>\n\n<\/div>\n","protected":false},"excerpt":{"rendered":"<p>L&rsquo;analyse des habitants version 1 &#8211; 17 juin 2019 Cette note a \u00e9t\u00e9 \u00e9labor\u00e9e par un groupe de travail compos\u00e9 de membres des&nbsp;collectifs URBANICC et LAPIC,&nbsp;ainsi que d\u2019habitants&nbsp;rencontr\u00e9s lors des balades organis\u00e9es dans le cadre de ce travail, en juin 2019. A d\u00e9faut de d\u00e9finir les contours du micro-quartier, nous&#46;&#46;&#46;<\/p>\n","protected":false},"author":1,"featured_media":1676,"parent":0,"menu_order":0,"comment_status":"closed","ping_status":"closed","template":"","meta":{"_exactmetrics_skip_tracking":false,"_exactmetrics_sitenote_active":false,"_exactmetrics_sitenote_note":"","_exactmetrics_sitenote_category":0,"ngg_post_thumbnail":0,"footnotes":""},"class_list":["post-1668","page","type-page","status-publish","has-post-thumbnail","hentry"],"_links":{"self":[{"href":"https:\/\/urbanicc.fr\/index.php\/wp-json\/wp\/v2\/pages\/1668","targetHints":{"allow":["GET"]}}],"collection":[{"href":"https:\/\/urbanicc.fr\/index.php\/wp-json\/wp\/v2\/pages"}],"about":[{"href":"https:\/\/urbanicc.fr\/index.php\/wp-json\/wp\/v2\/types\/page"}],"author":[{"embeddable":true,"href":"https:\/\/urbanicc.fr\/index.php\/wp-json\/wp\/v2\/users\/1"}],"replies":[{"embeddable":true,"href":"https:\/\/urbanicc.fr\/index.php\/wp-json\/wp\/v2\/comments?post=1668"}],"version-history":[{"count":0,"href":"https:\/\/urbanicc.fr\/index.php\/wp-json\/wp\/v2\/pages\/1668\/revisions"}],"wp:featuredmedia":[{"embeddable":true,"href":"https:\/\/urbanicc.fr\/index.php\/wp-json\/wp\/v2\/media\/1676"}],"wp:attachment":[{"href":"https:\/\/urbanicc.fr\/index.php\/wp-json\/wp\/v2\/media?parent=1668"}],"curies":[{"name":"wp","href":"https:\/\/api.w.org\/{rel}","templated":true}]}}