{"id":1582,"date":"2019-06-11T17:01:05","date_gmt":"2019-06-11T15:01:05","guid":{"rendered":"https:\/\/urbanicc.fr\/?page_id=1582"},"modified":"2019-06-11T23:57:28","modified_gmt":"2019-06-11T21:57:28","slug":"micro-quartier-rigaud","status":"publish","type":"page","link":"https:\/\/urbanicc.fr\/index.php\/micro-quartier-rigaud\/","title":{"rendered":"Micro-quartier Rigaud"},"content":{"rendered":"\n<h3 class=\"wp-block-heading\"><s>Fiche de lot 2K1 : l&rsquo;analyse des habitants<\/s><\/h3>\n\n\n\n<p><strong>version 1 &#8211; 08 juin 2019<\/strong><\/p>\n\n\n\n<p style=\"background-color:#ffe000;color:#000000\" class=\"has-text-color has-background\">Cette note a \u00e9t\u00e9 \u00e9labor\u00e9e par un groupe de travail compos\u00e9 de membres des <strong>collectifs URBANICC et LAPIC<\/strong>, <strong>ainsi que d\u2019habitants<\/strong> rencontr\u00e9s lors des balades organis\u00e9es dans le cadre de ce travail, en mai et juin 2019.<\/p>\n\n\n\n<p><\/p>\n\n\n\n<figure class=\"wp-block-image alignfull\"><img loading=\"lazy\" decoding=\"async\" width=\"1000\" height=\"654\" src=\"https:\/\/urbanicc.fr\/wp-content\/uploads\/2019\/06\/2k1.png\" alt=\"\" class=\"wp-image-1583\" srcset=\"https:\/\/urbanicc.fr\/wp-content\/uploads\/2019\/06\/2k1.png 1000w, https:\/\/urbanicc.fr\/wp-content\/uploads\/2019\/06\/2k1-300x196.png 300w, https:\/\/urbanicc.fr\/wp-content\/uploads\/2019\/06\/2k1-768x502.png 768w\" sizes=\"auto, (max-width: 1000px) 100vw, 1000px\" \/><figcaption>Vue d&rsquo;ensemble du lot 2K1<\/figcaption><\/figure>\n\n\n\n<p><strong><s>Point n\u00b01<\/s><\/strong><\/p>\n\n\n\n<p>La ma\u00eetrise d\u2019ouvrage a pr\u00e9vu de transformer \u00e0 terme la halle des abattoirs\nen \u00e9quipement public. Ce lieu est donc amen\u00e9 \u00e0 devenir un point d\u2019attraction\npour le quartier, et il convient de porter une attention particuli\u00e8re \u00e0 son\naccessibilit\u00e9, notamment depuis le futur acc\u00e8s sud de la gare de RER.<\/p>\n\n\n\n<p>Le prolongement de la rue de la R\u00e9volution par un mail pi\u00e9ton aboutissant\nau sud du lot 2K1 sert cet objectif, mais la proposition actuelle aboutit \u00e0 un\ngoulet d\u2019\u00e9tranglement au contact de la future place des Abattoirs.<\/p>\n\n\n\n<p><em>Proposition n\u00b01<\/em><\/p>\n\n\n\n<p><s><strong>R\u00e9aliser une liaison forte entre l\u2019acc\u00e8s sud de la gare de RER et la halle des abattoirs via son parvis en am\u00e9nageant une continuit\u00e9 importante de l\u2019espace public entre le croisement du mail pi\u00e9ton et de la voie nouvelle, et la place des abattoirs.<\/strong><\/s> La forme du b\u00e2ti de la partie sud du lot 2K1 pourrait \u00eatre revue de mani\u00e8re \u00e0 encadrer et\/ou surplomber ce passage en offrant un recul plus important sur la rue Rigaud que celui propos\u00e9. Cette solution permettrait \u00e9galement d\u2019\u00e9viter que l\u2019acc\u00e8s VL coupe la circulation pi\u00e9tonne.<\/p>\n\n\n\n<p>Le sch\u00e9ma ci-dessous fournit une illustration du principe.<\/p>\n\n\n\n<div class=\"wp-block-image\"><figure class=\"aligncenter\"><img loading=\"lazy\" decoding=\"async\" width=\"1024\" height=\"838\" src=\"https:\/\/urbanicc.fr\/wp-content\/uploads\/2019\/06\/2k1_b-1-1024x838.png\" alt=\"\" class=\"wp-image-1587\" srcset=\"https:\/\/urbanicc.fr\/wp-content\/uploads\/2019\/06\/2k1_b-1-1024x838.png 1024w, https:\/\/urbanicc.fr\/wp-content\/uploads\/2019\/06\/2k1_b-1-300x246.png 300w, https:\/\/urbanicc.fr\/wp-content\/uploads\/2019\/06\/2k1_b-1-768x629.png 768w, https:\/\/urbanicc.fr\/wp-content\/uploads\/2019\/06\/2k1_b-1.png 1378w\" sizes=\"auto, (max-width: 1024px) 100vw, 1024px\" \/><figcaption>proposition de liaison entre le mail pi\u00e9ton et la place des abattoirs<\/figcaption><\/figure><\/div>\n\n\n\n<p><\/p>\n\n\n\n<p><strong><s>Point n\u00b02<\/s><\/strong><\/p>\n\n\n\n<p>La fiche de lot pr\u00e9sente en pr\u00e9ambule (page 3) le principe g\u00e9n\u00e9ral de\nvalorisation du patrimoine. Ce principe est g\u00e9n\u00e9ralement compris comme la\nvolont\u00e9 de pr\u00e9server, en les r\u00e9utilisant, des b\u00e2timents remarquables par leur\nhistoire et\/ou leur composition&nbsp;: b\u00e2timent industriel, immeuble\nfaubourien\u2026 Il est propos\u00e9 d\u2019\u00e9tendre l\u2019application de ce principe \u00e0 tout\n\u00e9l\u00e9ment d\u2019architecture pr\u00e9sent sur le territoire \u00e0 r\u00e9nover et porteur d\u2019une\nforme de t\u00e9moignage de son pass\u00e9, dot\u00e9 de caract\u00e9ristiques qui le rendent\ntechniquement apte \u00e0 une op\u00e9ration de r\u00e9utilisation et sans impact financier\nn\u00e9gatif sur le bilan de l\u2019op\u00e9ration.<\/p>\n\n\n\n<p>A titre d\u2019exemple, il pourrait en \u00eatre ainsi du b\u00e2timent dit \u00ab&nbsp;des\ncuves&nbsp;\u00bb situ\u00e9 au nord du lot 2K1, dont la structure massive (1,2m de murs)\nabrite sur sa face nord une importante v\u00e9g\u00e9talisation verticale qui m\u00e9rite\nd\u2019\u00eatre pr\u00e9serv\u00e9e (voir photos ci-apr\u00e8s).<\/p>\n\n\n\n<ul class=\"wp-block-gallery columns-2 is-cropped wp-block-gallery-1 is-layout-flex wp-block-gallery-is-layout-flex\"><li class=\"blocks-gallery-item\"><figure><img loading=\"lazy\" decoding=\"async\" width=\"1024\" height=\"472\" src=\"https:\/\/urbanicc.fr\/wp-content\/uploads\/2019\/06\/2k1_d-1-1024x472.jpg\" alt=\"\" data-id=\"1589\" data-link=\"https:\/\/urbanicc.fr\/?attachment_id=1589\" class=\"wp-image-1589\" srcset=\"https:\/\/urbanicc.fr\/wp-content\/uploads\/2019\/06\/2k1_d-1-1024x472.jpg 1024w, https:\/\/urbanicc.fr\/wp-content\/uploads\/2019\/06\/2k1_d-1-300x138.jpg 300w, https:\/\/urbanicc.fr\/wp-content\/uploads\/2019\/06\/2k1_d-1-768x354.jpg 768w, https:\/\/urbanicc.fr\/wp-content\/uploads\/2019\/06\/2k1_d-1.jpg 1305w\" sizes=\"auto, (max-width: 1024px) 100vw, 1024px\" \/><figcaption> <em>B\u00e2timent dit \u00ab&nbsp;des cuves&nbsp;\u00bb \u2013 mur v\u00e9g\u00e9talis\u00e9<\/em>  <\/figcaption><\/figure><\/li><li class=\"blocks-gallery-item\"><figure><img loading=\"lazy\" decoding=\"async\" width=\"1024\" height=\"577\" src=\"https:\/\/urbanicc.fr\/wp-content\/uploads\/2019\/06\/2k1_c-1-1024x577.jpg\" alt=\"\" data-id=\"1588\" data-link=\"https:\/\/urbanicc.fr\/?attachment_id=1588\" class=\"wp-image-1588\" srcset=\"https:\/\/urbanicc.fr\/wp-content\/uploads\/2019\/06\/2k1_c-1-1024x577.jpg 1024w, https:\/\/urbanicc.fr\/wp-content\/uploads\/2019\/06\/2k1_c-1-300x169.jpg 300w, https:\/\/urbanicc.fr\/wp-content\/uploads\/2019\/06\/2k1_c-1-768x432.jpg 768w, https:\/\/urbanicc.fr\/wp-content\/uploads\/2019\/06\/2k1_c-1.jpg 1378w\" sizes=\"auto, (max-width: 1024px) 100vw, 1024px\" \/><figcaption> <em>B\u00e2timent dit \u00ab&nbsp;des cuves&nbsp;\u00bb \u2013 vue int\u00e9rieure<\/em> <\/figcaption><\/figure><\/li><\/ul>\n\n\n\n<p><\/p>\n\n\n\n<p><\/p>\n\n\n\n<p><strong><s>Point n\u00b03<\/s><\/strong><\/p>\n\n\n\n<p>La fiche de lot pr\u00e9sente rapidement les contraintes li\u00e9es au phasage qui\nn\u00e9cessitent un travail approfondi et partag\u00e9 pour \u00e9viter la cr\u00e9ation d\u2019un\nd\u00e9laiss\u00e9 provisoire dont la ZAC souffre suffisamment.<\/p>\n\n\n\n<div style=\"height:20px\" aria-hidden=\"true\" class=\"wp-block-spacer\"><\/div>\n\n\n\n<h4 class=\"wp-block-heading\"><strong>Questions et remarques<\/strong><\/h4>\n\n\n\n<ul class=\"wp-block-list\"><li>Pourquoi la frange b\u00e2tie en bordure nord-ouest de\nl\u2019\u00eelot 2K est-elle conserv\u00e9e en l\u2019\u00e9tat sans am\u00e9lioration ?<\/li><li>L\u2019\u00eelot abrite \u00e0 ce jour beaucoup d\u2019activit\u00e9s\nvari\u00e9es. Que vont-elles devenir&nbsp;: relocalis\u00e9es dans ou hors ZAC&nbsp;?\nPeuvent-elles \u00eatre r\u00e9int\u00e9gr\u00e9es \u00e0 terme&nbsp;?<\/li><li>Les trois espaces verts situ\u00e9s de part et d\u2019autre\nde la voie nouvelle dans le sud de l\u2019\u00eelot ne repr\u00e9sentent peut-\u00eatre pas une\nsolution d\u2019espace public id\u00e9ale. Peut-on pr\u00e9voir de retravailler cet\nensemble&nbsp;?<\/li><li>Il convient de souligner la difficult\u00e9 de travailler\nsur un lot en l\u2019absence d\u2019une d\u00e9finition des lots environnants (formes\nurbaines, fonctions)<\/li><\/ul>\n\n\n\n<div style=\"height:100px\" aria-hidden=\"true\" class=\"wp-block-spacer\"><\/div>\n\n\n\n<p><strong>Consulter la fiche de lot 2K1 :<\/strong><\/p>\n\n\n<div class='w3eden'><!-- WPDM Link Template: Default Template -->\n\n<div class=\"link-template-default card mb-2\">\n    <div class=\"card-body\">\n        <div class=\"media\">\n            <div class=\"mr-3 img-48\"><img decoding=\"async\" class=\"wpdm_icon\" alt=\"Ic\u00f4ne\" src=\"https:\/\/urbanicc.fr\/wp-content\/plugins\/download-manager\/assets\/file-type-icons\/pdf.svg\" \/><\/div>\n            <div class=\"media-body\">\n                <h3 class=\"package-title\"><a href='https:\/\/urbanicc.fr\/index.php\/download\/2k1-fiche-de-lot\/'>2k1 - fiche de lot<\/a><\/h3>\n                <div class=\"text-muted text-small\"><i class=\"fas fa-copy\"><\/i> 1 fichier\u00b7s <i class=\"fas fa-hdd ml-3\"><\/i> 18.71 MB<\/div>\n            <\/div>\n            <div class=\"ml-3\">\n                <a class='wpdm-download-link download-on-click btn btn-primary btn-sm' rel='nofollow' href='#' data-downloadurl=\"https:\/\/urbanicc.fr\/index.php\/download\/2k1-fiche-de-lot\/?wpdmdl=1659&refresh=69e1d6304c8291776408112\">T\u00e9l\u00e9charger<\/a>\n            <\/div>\n        <\/div>\n    <\/div>\n<\/div>\n\n<\/div>\n\n\n\n<div style=\"height:100px\" aria-hidden=\"true\" class=\"wp-block-spacer\"><\/div>\n","protected":false},"excerpt":{"rendered":"<p>Fiche de lot 2K1 : l&rsquo;analyse des habitants version 1 &#8211; 08 juin 2019 Cette note a \u00e9t\u00e9 \u00e9labor\u00e9e par un groupe de travail compos\u00e9 de membres des collectifs URBANICC et LAPIC, ainsi que d\u2019habitants rencontr\u00e9s lors des balades organis\u00e9es dans le cadre de ce travail, en mai et juin&#46;&#46;&#46;<\/p>\n","protected":false},"author":1,"featured_media":1583,"parent":0,"menu_order":0,"comment_status":"closed","ping_status":"closed","template":"","meta":{"_exactmetrics_skip_tracking":false,"_exactmetrics_sitenote_active":false,"_exactmetrics_sitenote_note":"","_exactmetrics_sitenote_category":0,"ngg_post_thumbnail":0,"footnotes":""},"class_list":["post-1582","page","type-page","status-publish","has-post-thumbnail","hentry"],"_links":{"self":[{"href":"https:\/\/urbanicc.fr\/index.php\/wp-json\/wp\/v2\/pages\/1582","targetHints":{"allow":["GET"]}}],"collection":[{"href":"https:\/\/urbanicc.fr\/index.php\/wp-json\/wp\/v2\/pages"}],"about":[{"href":"https:\/\/urbanicc.fr\/index.php\/wp-json\/wp\/v2\/types\/page"}],"author":[{"embeddable":true,"href":"https:\/\/urbanicc.fr\/index.php\/wp-json\/wp\/v2\/users\/1"}],"replies":[{"embeddable":true,"href":"https:\/\/urbanicc.fr\/index.php\/wp-json\/wp\/v2\/comments?post=1582"}],"version-history":[{"count":0,"href":"https:\/\/urbanicc.fr\/index.php\/wp-json\/wp\/v2\/pages\/1582\/revisions"}],"wp:featuredmedia":[{"embeddable":true,"href":"https:\/\/urbanicc.fr\/index.php\/wp-json\/wp\/v2\/media\/1583"}],"wp:attachment":[{"href":"https:\/\/urbanicc.fr\/index.php\/wp-json\/wp\/v2\/media?parent=1582"}],"curies":[{"name":"wp","href":"https:\/\/api.w.org\/{rel}","templated":true}]}}