{"id":11,"date":"2019-09-05T00:11:16","date_gmt":"2019-09-04T22:11:16","guid":{"rendered":"http:\/\/ivry.brisbois.fr\/?page_id=11"},"modified":"2021-10-14T23:14:32","modified_gmt":"2021-10-14T21:14:32","slug":"charte-de-concertation","status":"publish","type":"page","link":"https:\/\/urbanicc.fr\/index.php\/charte-de-concertation\/","title":{"rendered":"Une charte pour garantir la concertation [PROJET ANNUL\u00c9]"},"content":{"rendered":"\n<h3 class=\"has-text-color wp-block-heading\" style=\"color:#ff0000\">Depuis sa cr\u00e9ation, le collectif URBANICC milite pour une participation r\u00e9elle des habitants \u00e0 la fabrique de la ville, dans le cadre de l\u2019op\u00e9ration Ivry Confluences.<\/h3>\n\n\n\n<div style=\"height:52px\" aria-hidden=\"true\" class=\"wp-block-spacer\"><\/div>\n\n\n\n<h2 style=\"background-color:#ffe000;color:#ff0000\"><br> <i class=\"fas fa-exclamation-triangle\"><\/i><i class=\"fas fa-exclamation-triangle\"><\/i><i class=\"fas fa-exclamation-triangle\"><\/i> PROJET ANNUL\u00c9 PAR LA VILLE <i class=\"fas fa-exclamation-triangle\"><\/i><i class=\"fas fa-exclamation-triangle\"><\/i><i class=\"fas fa-exclamation-triangle\"><\/i><br><br><\/h2>\n\n\n\n<figure class=\"wp-block-image size-large\"><img loading=\"lazy\" decoding=\"async\" width=\"1024\" height=\"341\" src=\"https:\/\/urbanicc.fr\/wp-content\/uploads\/2019\/09\/slogan-1024x341.png\" alt=\"\" class=\"wp-image-1738\" srcset=\"https:\/\/urbanicc.fr\/wp-content\/uploads\/2019\/09\/slogan-1024x341.png 1024w, https:\/\/urbanicc.fr\/wp-content\/uploads\/2019\/09\/slogan-300x100.png 300w, https:\/\/urbanicc.fr\/wp-content\/uploads\/2019\/09\/slogan-768x256.png 768w, https:\/\/urbanicc.fr\/wp-content\/uploads\/2019\/09\/slogan.png 1500w\" sizes=\"auto, (max-width: 1024px) 100vw, 1024px\" \/><\/figure>\n\n\n\n<div style=\"height:29px\" aria-hidden=\"true\" class=\"wp-block-spacer\"><\/div>\n\n\n\n<p>Apr\u00e8s plusieurs r\u00e9unions avec la Ville d&rsquo;Ivry-sur-Seine pour \u00e9laborer une charte de concertation, <strong>des propositions importantes d\u2019URBANICC ont \u00e9t\u00e9 valid\u00e9es<\/strong> :<\/p>\n\n\n\n<ul class=\"wp-block-list\"><li>la participation des habitants \u00e0 la production du cahier de prescriptions architecturales, urbaines et paysag\u00e8res;<\/li><li>la co-production du sch\u00e9ma global des espaces publics et espaces verts; <\/li><li>la co-production des fiches de lots dans le cadre des micro-quartiers;<\/li><li>la consultation des habitants sur le choix des architectes, sous condition.<\/li><\/ul>\n\n\n\n<div style=\"height:36px\" aria-hidden=\"true\" class=\"wp-block-spacer\"><\/div>\n\n\n\n<h3 class=\"wp-block-heading\" id=\"formulaire\">Participez<\/h3>\n\n\n\n<p class=\"has-very-dark-gray-color has-text-color has-background\" style=\"background-color:#ffe000\"><strong>Les travaux avec la Ville se poursuivent.<\/strong> Dans un premier temps, <strong>vous pouvez participer<\/strong> en nous faisant part de vos avis, remarques et propositions via ce formulaire :<\/p>\n\n\n<div class=\"wpforms-container wpforms-container-full wpforms-block\" id=\"wpforms-325\"><form id=\"wpforms-form-325\" class=\"wpforms-validate wpforms-form\" data-formid=\"325\" method=\"post\" enctype=\"multipart\/form-data\" action=\"\/index.php\/wp-json\/wp\/v2\/pages\/11\" data-token=\"80e11efb4346395fef748531d5c2da7d\" data-token-time=\"1778586068\"><noscript class=\"wpforms-error-noscript\">Veuillez activer JavaScript dans votre navigateur pour remplir ce formulaire.<\/noscript><div class=\"wpforms-field-container\"><div id=\"wpforms-325-field_0-container\" class=\"wpforms-field wpforms-field-name\" data-field-id=\"0\"><label class=\"wpforms-field-label\">Contact <span class=\"wpforms-required-label\">*<\/span><\/label><div class=\"wpforms-field-row wpforms-field-medium\"><div class=\"wpforms-field-row-block wpforms-first wpforms-one-half\"><input type=\"text\" id=\"wpforms-325-field_0\" class=\"wpforms-field-name-first wpforms-field-required\" name=\"wpforms[fields][0][first]\" required><label for=\"wpforms-325-field_0\" class=\"wpforms-field-sublabel after\">Pr\u00e9nom<\/label><\/div><div class=\"wpforms-field-row-block wpforms-one-half\"><input type=\"text\" id=\"wpforms-325-field_0-last\" class=\"wpforms-field-name-last wpforms-field-required\" name=\"wpforms[fields][0][last]\" required><label for=\"wpforms-325-field_0-last\" class=\"wpforms-field-sublabel after\">Nom<\/label><\/div><\/div><\/div><div id=\"wpforms-325-field_1-container\" class=\"wpforms-field wpforms-field-email\" data-field-id=\"1\"><label class=\"wpforms-field-label\" for=\"wpforms-325-field_1\">Adresse mail de contact <span class=\"wpforms-required-label\">*<\/span><\/label><input type=\"email\" id=\"wpforms-325-field_1\" class=\"wpforms-field-medium wpforms-field-required\" name=\"wpforms[fields][1]\" spellcheck=\"false\" required><\/div><div id=\"wpforms-325-field_5-container\" class=\"wpforms-field wpforms-field-number\" data-field-id=\"5\"><label class=\"wpforms-field-label\" for=\"wpforms-325-field_5\">T\u00e9l\u00e9phone <span class=\"wpforms-required-label\">*<\/span><\/label><input type=\"number\" id=\"wpforms-325-field_5\" class=\"wpforms-field-small wpforms-field-required\" name=\"wpforms[fields][5]\" step=\"any\" required><\/div><div id=\"wpforms-325-field_2-container\" class=\"wpforms-field wpforms-field-textarea\" data-field-id=\"2\"><label class=\"wpforms-field-label\" for=\"wpforms-325-field_2\">Commentaire ou message <span class=\"wpforms-required-label\">*<\/span><\/label><textarea id=\"wpforms-325-field_2\" class=\"wpforms-field-medium wpforms-field-required\" name=\"wpforms[fields][2]\" required><\/textarea><\/div><div id=\"wpforms-325-field_3-container\" class=\"wpforms-field wpforms-field-checkbox\" data-field-id=\"3\"><ul id=\"wpforms-325-field_3\"><li class=\"choice-1 depth-1\"><input type=\"checkbox\" id=\"wpforms-325-field_3_1\" name=\"wpforms[fields][3][]\" value=\"Je souhaite rejoindre URBANICC\"  ><label class=\"wpforms-field-label-inline\" for=\"wpforms-325-field_3_1\">Je souhaite rejoindre URBANICC<\/label><\/li><\/ul><\/div><div id=\"wpforms-325-field_4-container\" class=\"wpforms-field wpforms-field-checkbox\" data-field-id=\"4\"><ul id=\"wpforms-325-field_4\"><li class=\"choice-1 depth-1 wpforms-selected\"><input type=\"checkbox\" id=\"wpforms-325-field_4_1\" name=\"wpforms[fields][4][]\" value=\"Abonnement \u00e0 la newsletter\"   checked='checked'><label class=\"wpforms-field-label-inline\" for=\"wpforms-325-field_4_1\">Abonnement \u00e0 la newsletter<\/label><\/li><\/ul><\/div><\/div><!-- .wpforms-field-container --><div class=\"wpforms-field wpforms-field-hp\"><label for=\"wpforms-325-field-hp\" class=\"wpforms-field-label\">Name<\/label><input type=\"text\" name=\"wpforms[hp]\" id=\"wpforms-325-field-hp\" class=\"wpforms-field-medium\"><\/div><div class=\"wpforms-recaptcha-container wpforms-is-recaptcha wpforms-is-recaptcha-type-v3\" ><input type=\"hidden\" name=\"wpforms[recaptcha]\" value=\"\"><\/div><div class=\"wpforms-submit-container\" ><input type=\"hidden\" name=\"wpforms[id]\" value=\"325\"><input type=\"hidden\" name=\"page_title\" value=\"\"><input type=\"hidden\" name=\"page_url\" value=\"https:\/\/urbanicc.fr\/index.php\/wp-json\/wp\/v2\/pages\/11\"><input type=\"hidden\" name=\"url_referer\" value=\"\"><button type=\"submit\" name=\"wpforms[submit]\" id=\"wpforms-submit-325\" class=\"wpforms-submit\" data-alt-text=\"Sending...\" data-submit-text=\"Envoyer\" aria-live=\"assertive\" value=\"wpforms-submit\">Envoyer<\/button><\/div><\/form><\/div>  <!-- .wpforms-container -->\n\n\n<div style=\"height:40px\" aria-hidden=\"true\" class=\"wp-block-spacer\"><\/div>\n\n\n\n<h3 class=\"wp-block-heading\" id=\"docs\">Documents \u00e9labor\u00e9s par URBANICC :<\/h3>\n\n\n\n<figure class=\"wp-block-image size-large\"><img loading=\"lazy\" decoding=\"async\" width=\"1024\" height=\"704\" src=\"https:\/\/urbanicc.fr\/wp-content\/uploads\/2019\/09\/Ivry-Confluences-Conclusions-sur-la-concertation-20190711-1-1024x704.jpg\" alt=\"\" class=\"wp-image-1766\" srcset=\"https:\/\/urbanicc.fr\/wp-content\/uploads\/2019\/09\/Ivry-Confluences-Conclusions-sur-la-concertation-20190711-1-1024x704.jpg 1024w, https:\/\/urbanicc.fr\/wp-content\/uploads\/2019\/09\/Ivry-Confluences-Conclusions-sur-la-concertation-20190711-1-300x206.jpg 300w, https:\/\/urbanicc.fr\/wp-content\/uploads\/2019\/09\/Ivry-Confluences-Conclusions-sur-la-concertation-20190711-1-768x528.jpg 768w, https:\/\/urbanicc.fr\/wp-content\/uploads\/2019\/09\/Ivry-Confluences-Conclusions-sur-la-concertation-20190711-1.jpg 1326w\" sizes=\"auto, (max-width: 1024px) 100vw, 1024px\" \/><\/figure>\n\n\n\n<div style=\"height:49px\" aria-hidden=\"true\" class=\"wp-block-spacer\"><\/div>\n\n\n<div class='w3eden'><!-- WPDM Link Template: Default Template -->\n\n<div class=\"link-template-default card mb-2\">\n    <div class=\"card-body\">\n        <div class=\"media\">\n            <div class=\"mr-3 img-48\"><img decoding=\"async\" class=\"wpdm_icon\" alt=\"Ic\u00f4ne\" src=\"https:\/\/urbanicc.fr\/wp-content\/plugins\/download-manager\/assets\/file-type-icons\/pdf.svg\" \/><\/div>\n            <div class=\"media-body\">\n                <h3 class=\"package-title\"><a href='https:\/\/urbanicc.fr\/index.php\/download\/charte-de-concertation-reflexions\/'>Charte de concertation - r\u00e9flexions<\/a><\/h3>\n                <div class=\"text-muted text-small\"><i class=\"fas fa-copy\"><\/i> 1 fichier\u00b7s <i class=\"fas fa-hdd ml-3\"><\/i> 1.16 MB<\/div>\n            <\/div>\n            <div class=\"ml-3\">\n                <a class='wpdm-download-link download-on-click btn btn-primary btn-sm' rel='nofollow' href='#' data-downloadurl=\"https:\/\/urbanicc.fr\/index.php\/download\/charte-de-concertation-reflexions\/?wpdmdl=1753&refresh=6a0311d4824a71778586068\">T\u00e9l\u00e9charger<\/a>\n            <\/div>\n        <\/div>\n    <\/div>\n<\/div>\n\n<\/div>\n\n\n<div class='w3eden'><!-- WPDM Link Template: Default Template -->\n\n<div class=\"link-template-default card mb-2\">\n    <div class=\"card-body\">\n        <div class=\"media\">\n            <div class=\"mr-3 img-48\"><img decoding=\"async\" class=\"wpdm_icon\" alt=\"Ic\u00f4ne\" src=\"https:\/\/urbanicc.fr\/wp-content\/plugins\/download-manager\/assets\/file-type-icons\/pdf.svg\" \/><\/div>\n            <div class=\"media-body\">\n                <h3 class=\"package-title\"><a href='https:\/\/urbanicc.fr\/index.php\/download\/projet-de-charte-de-concertation-09-04-2019\/'>Projet de charte de concertation 09.04.2019<\/a><\/h3>\n                <div class=\"text-muted text-small\"><i class=\"fas fa-copy\"><\/i> 1 fichier\u00b7s <i class=\"fas fa-hdd ml-3\"><\/i> 1.36 MB<\/div>\n            <\/div>\n            <div class=\"ml-3\">\n                <a class='wpdm-download-link download-on-click btn btn-primary btn-sm' rel='nofollow' href='#' data-downloadurl=\"https:\/\/urbanicc.fr\/index.php\/download\/projet-de-charte-de-concertation-09-04-2019\/?wpdmdl=1761&refresh=6a0311d484e021778586068\">T\u00e9l\u00e9charger<\/a>\n            <\/div>\n        <\/div>\n    <\/div>\n<\/div>\n\n<\/div>\n\n\n<div class='w3eden'><!-- WPDM Link Template: Default Template -->\n\n<div class=\"link-template-default card mb-2\">\n    <div class=\"card-body\">\n        <div class=\"media\">\n            <div class=\"mr-3 img-48\"><img decoding=\"async\" class=\"wpdm_icon\" alt=\"Ic\u00f4ne\" src=\"https:\/\/urbanicc.fr\/wp-content\/plugins\/download-manager\/assets\/file-type-icons\/pdf.svg\" \/><\/div>\n            <div class=\"media-body\">\n                <h3 class=\"package-title\"><a href='https:\/\/urbanicc.fr\/index.php\/download\/concertation-cr-reunion-avec-la-ville-11-juillet-2019\/'>Concertation - CR r\u00e9union avec la Ville - 11 juillet 2019<\/a><\/h3>\n                <div class=\"text-muted text-small\"><i class=\"fas fa-copy\"><\/i> 1 fichier\u00b7s <i class=\"fas fa-hdd ml-3\"><\/i> 728.97 KB<\/div>\n            <\/div>\n            <div class=\"ml-3\">\n                <a class='wpdm-download-link download-on-click btn btn-primary btn-sm' rel='nofollow' href='#' data-downloadurl=\"https:\/\/urbanicc.fr\/index.php\/download\/concertation-cr-reunion-avec-la-ville-11-juillet-2019\/?wpdmdl=1759&refresh=6a0311d48652c1778586068\">T\u00e9l\u00e9charger<\/a>\n            <\/div>\n        <\/div>\n    <\/div>\n<\/div>\n\n<\/div>\n\n\n<div class='w3eden'><!-- WPDM Link Template: Default Template -->\n\n<div class=\"link-template-default card mb-2\">\n    <div class=\"card-body\">\n        <div class=\"media\">\n            <div class=\"mr-3 img-48\"><img decoding=\"async\" class=\"wpdm_icon\" alt=\"Ic\u00f4ne\" src=\"https:\/\/urbanicc.fr\/wp-content\/plugins\/download-manager\/assets\/file-type-icons\/pdf.svg\" \/><\/div>\n            <div class=\"media-body\">\n                <h3 class=\"package-title\"><a href='https:\/\/urbanicc.fr\/index.php\/download\/concertation-cr-reunion-avec-la-ville-16-avril-2019\/'>Concertation - CR r\u00e9union avec la Ville - 16 avril 2019<\/a><\/h3>\n                <div class=\"text-muted text-small\"><i class=\"fas fa-copy\"><\/i> 1 fichier\u00b7s <i class=\"fas fa-hdd ml-3\"><\/i> 710.59 KB<\/div>\n            <\/div>\n            <div class=\"ml-3\">\n                <a class='wpdm-download-link download-on-click btn btn-primary btn-sm' rel='nofollow' href='#' data-downloadurl=\"https:\/\/urbanicc.fr\/index.php\/download\/concertation-cr-reunion-avec-la-ville-16-avril-2019\/?wpdmdl=1757&refresh=6a0311d487d7b1778586068\">T\u00e9l\u00e9charger<\/a>\n            <\/div>\n        <\/div>\n    <\/div>\n<\/div>\n\n<\/div>\n\n\n<div class='w3eden'><!-- WPDM Link Template: Default Template -->\n\n<div class=\"link-template-default card mb-2\">\n    <div class=\"card-body\">\n        <div class=\"media\">\n            <div class=\"mr-3 img-48\"><img decoding=\"async\" class=\"wpdm_icon\" alt=\"Ic\u00f4ne\" src=\"https:\/\/urbanicc.fr\/wp-content\/plugins\/download-manager\/assets\/file-type-icons\/pdf.svg\" \/><\/div>\n            <div class=\"media-body\">\n                <h3 class=\"package-title\"><a href='https:\/\/urbanicc.fr\/index.php\/download\/concertation-cr-reunion-avec-la-ville-7-fevrier-2019\/'>Concertation - CR r\u00e9union avec la Ville - 7 f\u00e9vrier 2019<\/a><\/h3>\n                <div class=\"text-muted text-small\"><i class=\"fas fa-copy\"><\/i> 1 fichier\u00b7s <i class=\"fas fa-hdd ml-3\"><\/i> 137.05 KB<\/div>\n            <\/div>\n            <div class=\"ml-3\">\n                <a class='wpdm-download-link download-on-click btn btn-primary btn-sm' rel='nofollow' href='#' data-downloadurl=\"https:\/\/urbanicc.fr\/index.php\/download\/concertation-cr-reunion-avec-la-ville-7-fevrier-2019\/?wpdmdl=1755&refresh=6a0311d4899821778586068\">T\u00e9l\u00e9charger<\/a>\n            <\/div>\n        <\/div>\n    <\/div>\n<\/div>\n\n<\/div>\n\n\n\n<div style=\"height:41px\" aria-hidden=\"true\" class=\"wp-block-spacer\"><\/div>\n\n\n\n<p><strong>&#8211; le 4 septembre 2019<\/strong> &#8211;<\/p>\n","protected":false},"excerpt":{"rendered":"<p>Depuis sa cr\u00e9ation, le collectif URBANICC milite pour une participation r\u00e9elle des habitants \u00e0 la fabrique de la ville, dans le cadre de l\u2019op\u00e9ration Ivry Confluences. PROJET ANNUL\u00c9 PAR LA VILLE Apr\u00e8s plusieurs r\u00e9unions avec la Ville d&rsquo;Ivry-sur-Seine pour \u00e9laborer une charte de concertation, des propositions importantes d\u2019URBANICC ont \u00e9t\u00e9&#46;&#46;&#46;<\/p>\n","protected":false},"author":1,"featured_media":1738,"parent":0,"menu_order":0,"comment_status":"closed","ping_status":"closed","template":"","meta":{"_exactmetrics_skip_tracking":false,"_exactmetrics_sitenote_active":false,"_exactmetrics_sitenote_note":"","_exactmetrics_sitenote_category":0,"ngg_post_thumbnail":0,"footnotes":""},"class_list":["post-11","page","type-page","status-publish","has-post-thumbnail","hentry"],"_links":{"self":[{"href":"https:\/\/urbanicc.fr\/index.php\/wp-json\/wp\/v2\/pages\/11","targetHints":{"allow":["GET"]}}],"collection":[{"href":"https:\/\/urbanicc.fr\/index.php\/wp-json\/wp\/v2\/pages"}],"about":[{"href":"https:\/\/urbanicc.fr\/index.php\/wp-json\/wp\/v2\/types\/page"}],"author":[{"embeddable":true,"href":"https:\/\/urbanicc.fr\/index.php\/wp-json\/wp\/v2\/users\/1"}],"replies":[{"embeddable":true,"href":"https:\/\/urbanicc.fr\/index.php\/wp-json\/wp\/v2\/comments?post=11"}],"version-history":[{"count":0,"href":"https:\/\/urbanicc.fr\/index.php\/wp-json\/wp\/v2\/pages\/11\/revisions"}],"wp:featuredmedia":[{"embeddable":true,"href":"https:\/\/urbanicc.fr\/index.php\/wp-json\/wp\/v2\/media\/1738"}],"wp:attachment":[{"href":"https:\/\/urbanicc.fr\/index.php\/wp-json\/wp\/v2\/media?parent=11"}],"curies":[{"name":"wp","href":"https:\/\/api.w.org\/{rel}","templated":true}]}}